{"id":680,"date":"2022-12-04T09:33:47","date_gmt":"2022-12-04T06:33:47","guid":{"rendered":"https:\/\/www.dehaderi.com\/web\/?page_id=680"},"modified":"2022-12-22T09:21:54","modified_gmt":"2022-12-22T06:21:54","slug":"kuzu-suet","status":"publish","type":"page","link":"https:\/\/www.dehaderi.com\/web\/urunler\/kuzu-suet\/","title":{"rendered":"Kuzu S\u00fcet"},"content":{"rendered":"\n<div class=\"wp-block-columns is-layout-flex wp-container-core-columns-is-layout-28f84493 wp-block-columns-is-layout-flex\">\n<div class=\"wp-block-column is-layout-flow wp-block-column-is-layout-flow\">\n<figure class=\"wp-block-image size-full has-custom-border\"><img loading=\"lazy\" decoding=\"async\" width=\"500\" height=\"250\" src=\"https:\/\/www.dehaderi.com\/web\/wp-content\/uploads\/2022\/12\/kuzu-suet-500x250-kirmizi.jpg\" alt=\"\" class=\"has-border-color has-cyan-bluish-gray-border-color wp-image-852\" style=\"border-width:1px;border-radius:9px\" srcset=\"https:\/\/www.dehaderi.com\/web\/wp-content\/uploads\/2022\/12\/kuzu-suet-500x250-kirmizi.jpg 500w, https:\/\/www.dehaderi.com\/web\/wp-content\/uploads\/2022\/12\/kuzu-suet-500x250-kirmizi-300x150.jpg 300w, https:\/\/www.dehaderi.com\/web\/wp-content\/uploads\/2022\/12\/kuzu-suet-500x250-kirmizi-18x9.jpg 18w\" sizes=\"auto, (max-width: 500px) 100vw, 500px\" \/><figcaption class=\"wp-element-caption\">K\u0131rm\u0131z\u0131<\/figcaption><\/figure>\n<\/div>\n\n\n\n<div class=\"wp-block-column is-layout-flow wp-block-column-is-layout-flow\">\n<figure class=\"wp-block-image size-full has-custom-border\"><img loading=\"lazy\" decoding=\"async\" width=\"500\" height=\"250\" src=\"https:\/\/www.dehaderi.com\/web\/wp-content\/uploads\/2022\/12\/kuzu-suet-500x250-lacivert.jpg\" alt=\"\" class=\"has-border-color has-cyan-bluish-gray-border-color wp-image-853\" style=\"border-width:1px;border-radius:9px\" srcset=\"https:\/\/www.dehaderi.com\/web\/wp-content\/uploads\/2022\/12\/kuzu-suet-500x250-lacivert.jpg 500w, https:\/\/www.dehaderi.com\/web\/wp-content\/uploads\/2022\/12\/kuzu-suet-500x250-lacivert-300x150.jpg 300w, https:\/\/www.dehaderi.com\/web\/wp-content\/uploads\/2022\/12\/kuzu-suet-500x250-lacivert-18x9.jpg 18w\" sizes=\"auto, (max-width: 500px) 100vw, 500px\" \/><figcaption class=\"wp-element-caption\">Lacivert<\/figcaption><\/figure>\n<\/div>\n\n\n\n<div class=\"wp-block-column is-layout-flow wp-block-column-is-layout-flow\">\n<figure class=\"wp-block-image size-full has-custom-border\"><img loading=\"lazy\" decoding=\"async\" width=\"500\" height=\"250\" src=\"https:\/\/www.dehaderi.com\/web\/wp-content\/uploads\/2022\/12\/kuzu-suet-500x250-bej.jpg\" alt=\"\" class=\"has-border-color has-cyan-bluish-gray-border-color wp-image-851\" style=\"border-width:1px;border-radius:9px\" srcset=\"https:\/\/www.dehaderi.com\/web\/wp-content\/uploads\/2022\/12\/kuzu-suet-500x250-bej.jpg 500w, https:\/\/www.dehaderi.com\/web\/wp-content\/uploads\/2022\/12\/kuzu-suet-500x250-bej-300x150.jpg 300w, https:\/\/www.dehaderi.com\/web\/wp-content\/uploads\/2022\/12\/kuzu-suet-500x250-bej-18x9.jpg 18w\" sizes=\"auto, (max-width: 500px) 100vw, 500px\" \/><figcaption class=\"wp-element-caption\">Bej<\/figcaption><\/figure>\n<\/div>\n<\/div>\n\n\n\n<div class=\"wp-block-columns is-layout-flex wp-container-core-columns-is-layout-28f84493 wp-block-columns-is-layout-flex\">\n<div class=\"wp-block-column is-layout-flow wp-block-column-is-layout-flow\">\n<figure class=\"wp-block-image size-full has-custom-border\"><img loading=\"lazy\" decoding=\"async\" width=\"500\" height=\"250\" src=\"https:\/\/www.dehaderi.com\/web\/wp-content\/uploads\/2022\/12\/kuzu-suet-500x250-siyah.jpg\" alt=\"\" class=\"has-border-color has-cyan-bluish-gray-border-color wp-image-854\" style=\"border-width:1px;border-radius:9px\" srcset=\"https:\/\/www.dehaderi.com\/web\/wp-content\/uploads\/2022\/12\/kuzu-suet-500x250-siyah.jpg 500w, https:\/\/www.dehaderi.com\/web\/wp-content\/uploads\/2022\/12\/kuzu-suet-500x250-siyah-300x150.jpg 300w, https:\/\/www.dehaderi.com\/web\/wp-content\/uploads\/2022\/12\/kuzu-suet-500x250-siyah-18x9.jpg 18w\" sizes=\"auto, (max-width: 500px) 100vw, 500px\" \/><figcaption class=\"wp-element-caption\">Siyah<\/figcaption><\/figure>\n<\/div>\n\n\n\n<div class=\"wp-block-column is-layout-flow wp-block-column-is-layout-flow\"><\/div>\n\n\n\n<div class=\"wp-block-column is-layout-flow wp-block-column-is-layout-flow\"><\/div>\n<\/div>\n\n\n\n<div class=\"wp-block-columns is-layout-flex wp-container-core-columns-is-layout-28f84493 wp-block-columns-is-layout-flex\">\n<div class=\"wp-block-column is-layout-flow wp-block-column-is-layout-flow\">\n<figure class=\"wp-block-image size-large has-custom-border is-style-default\"><img loading=\"lazy\" decoding=\"async\" width=\"683\" height=\"1024\" src=\"https:\/\/www.dehaderi.com\/web\/wp-content\/uploads\/2022\/12\/kuzu-suet-katalog-sf-683x1024.jpg\" alt=\"\" class=\"has-border-color has-cyan-bluish-gray-border-color wp-image-855\" style=\"border-width:1px;border-radius:9px\" srcset=\"https:\/\/www.dehaderi.com\/web\/wp-content\/uploads\/2022\/12\/kuzu-suet-katalog-sf-683x1024.jpg 683w, https:\/\/www.dehaderi.com\/web\/wp-content\/uploads\/2022\/12\/kuzu-suet-katalog-sf-200x300.jpg 200w, https:\/\/www.dehaderi.com\/web\/wp-content\/uploads\/2022\/12\/kuzu-suet-katalog-sf-768x1151.jpg 768w, https:\/\/www.dehaderi.com\/web\/wp-content\/uploads\/2022\/12\/kuzu-suet-katalog-sf-1025x1536.jpg 1025w, https:\/\/www.dehaderi.com\/web\/wp-content\/uploads\/2022\/12\/kuzu-suet-katalog-sf-1366x2048.jpg 1366w, https:\/\/www.dehaderi.com\/web\/wp-content\/uploads\/2022\/12\/kuzu-suet-katalog-sf-8x12.jpg 8w, https:\/\/www.dehaderi.com\/web\/wp-content\/uploads\/2022\/12\/kuzu-suet-katalog-sf-scaled.jpg 1708w\" sizes=\"auto, (max-width: 683px) 100vw, 683px\" \/><figcaption class=\"wp-element-caption\"><a href=\"https:\/\/www.dehaderi.com\/web\/wp-content\/uploads\/2022\/12\/kuzu-suet-katalog-sf-scaled.jpg\">Katalog sayfas\u0131 \u00bb<\/a><\/figcaption><\/figure>\n<\/div>\n\n\n\n<div class=\"wp-block-column is-layout-flow wp-block-column-is-layout-flow\"><\/div>\n\n\n\n<div class=\"wp-block-column is-layout-flow wp-block-column-is-layout-flow\"><\/div>\n<\/div>\n\n\n\n<div style=\"height:50px\" aria-hidden=\"true\" class=\"wp-block-spacer\"><\/div>\n","protected":false},"excerpt":{"rendered":"","protected":false},"author":1,"featured_media":787,"parent":327,"menu_order":40,"comment_status":"closed","ping_status":"closed","template":"","meta":{"site-sidebar-layout":"default","site-content-layout":"","ast-site-content-layout":"","site-content-style":"default","site-sidebar-style":"default","ast-global-header-display":"","ast-banner-title-visibility":"","ast-main-header-display":"","ast-hfb-above-header-display":"","ast-hfb-below-header-display":"","ast-hfb-mobile-header-display":"","site-post-title":"","ast-breadcrumbs-content":"","ast-featured-img":"disabled","footer-sml-layout":"","theme-transparent-header-meta":"","adv-header-id-meta":"","stick-header-meta":"","header-above-stick-meta":"","header-main-stick-meta":"","header-below-stick-meta":"","astra-migrate-meta-layouts":"default","ast-page-background-enabled":"default","ast-page-background-meta":{"desktop":{"background-color":"var(--ast-global-color-4)","background-image":"","background-repeat":"repeat","background-position":"center center","background-size":"auto","background-attachment":"scroll","background-type":"","background-media":"","overlay-type":"","overlay-color":"","overlay-gradient":""},"tablet":{"background-color":"","background-image":"","background-repeat":"repeat","background-position":"center center","background-size":"auto","background-attachment":"scroll","background-type":"","background-media":"","overlay-type":"","overlay-color":"","overlay-gradient":""},"mobile":{"background-color":"","background-image":"","background-repeat":"repeat","background-position":"center center","background-size":"auto","background-attachment":"scroll","background-type":"","background-media":"","overlay-type":"","overlay-color":"","overlay-gradient":""}},"ast-content-background-meta":{"desktop":{"background-color":"var(--ast-global-color-5)","background-image":"","background-repeat":"repeat","background-position":"center center","background-size":"auto","background-attachment":"scroll","background-type":"","background-media":"","overlay-type":"","overlay-color":"","overlay-gradient":""},"tablet":{"background-color":"var(--ast-global-color-5)","background-image":"","background-repeat":"repeat","background-position":"center center","background-size":"auto","background-attachment":"scroll","background-type":"","background-media":"","overlay-type":"","overlay-color":"","overlay-gradient":""},"mobile":{"background-color":"var(--ast-global-color-5)","background-image":"","background-repeat":"repeat","background-position":"center center","background-size":"auto","background-attachment":"scroll","background-type":"","background-media":"","overlay-type":"","overlay-color":"","overlay-gradient":""}},"footnotes":""},"class_list":["post-680","page","type-page","status-publish","has-post-thumbnail","hentry"],"_links":{"self":[{"href":"https:\/\/www.dehaderi.com\/web\/wp-json\/wp\/v2\/pages\/680","targetHints":{"allow":["GET"]}}],"collection":[{"href":"https:\/\/www.dehaderi.com\/web\/wp-json\/wp\/v2\/pages"}],"about":[{"href":"https:\/\/www.dehaderi.com\/web\/wp-json\/wp\/v2\/types\/page"}],"author":[{"embeddable":true,"href":"https:\/\/www.dehaderi.com\/web\/wp-json\/wp\/v2\/users\/1"}],"replies":[{"embeddable":true,"href":"https:\/\/www.dehaderi.com\/web\/wp-json\/wp\/v2\/comments?post=680"}],"version-history":[{"count":8,"href":"https:\/\/www.dehaderi.com\/web\/wp-json\/wp\/v2\/pages\/680\/revisions"}],"predecessor-version":[{"id":1036,"href":"https:\/\/www.dehaderi.com\/web\/wp-json\/wp\/v2\/pages\/680\/revisions\/1036"}],"up":[{"embeddable":true,"href":"https:\/\/www.dehaderi.com\/web\/wp-json\/wp\/v2\/pages\/327"}],"wp:featuredmedia":[{"embeddable":true,"href":"https:\/\/www.dehaderi.com\/web\/wp-json\/wp\/v2\/media\/787"}],"wp:attachment":[{"href":"https:\/\/www.dehaderi.com\/web\/wp-json\/wp\/v2\/media?parent=680"}],"curies":[{"name":"wp","href":"https:\/\/api.w.org\/{rel}","templated":true}]}}