{"id":61,"date":"2022-11-20T21:55:36","date_gmt":"2022-11-20T18:55:36","guid":{"rendered":"https:\/\/www.dehaderi.com\/web\/?page_id=61"},"modified":"2022-12-16T22:20:33","modified_gmt":"2022-12-16T19:20:33","slug":"kariyer","status":"publish","type":"page","link":"https:\/\/www.dehaderi.com\/web\/kariyer\/","title":{"rendered":"Kariyer"},"content":{"rendered":"<figure class=\"wp-block-post-featured-image\"><img loading=\"lazy\" decoding=\"async\" width=\"1920\" height=\"768\" src=\"https:\/\/www.dehaderi.com\/web\/wp-content\/uploads\/2022\/12\/is_basvuru-e1671218425808.jpg\" class=\"attachment-post-thumbnail size-post-thumbnail wp-post-image\" alt=\"\" style=\"object-fit:cover;\" srcset=\"https:\/\/www.dehaderi.com\/web\/wp-content\/uploads\/2022\/12\/is_basvuru-e1671218425808.jpg 1920w, https:\/\/www.dehaderi.com\/web\/wp-content\/uploads\/2022\/12\/is_basvuru-e1671218425808-300x120.jpg 300w, https:\/\/www.dehaderi.com\/web\/wp-content\/uploads\/2022\/12\/is_basvuru-e1671218425808-1024x410.jpg 1024w, https:\/\/www.dehaderi.com\/web\/wp-content\/uploads\/2022\/12\/is_basvuru-e1671218425808-768x307.jpg 768w, https:\/\/www.dehaderi.com\/web\/wp-content\/uploads\/2022\/12\/is_basvuru-e1671218425808-1536x614.jpg 1536w, https:\/\/www.dehaderi.com\/web\/wp-content\/uploads\/2022\/12\/is_basvuru-e1671218425808-18x7.jpg 18w\" sizes=\"auto, (max-width: 1920px) 100vw, 1920px\" \/><\/figure>\n\n\n<h3 class=\"wp-block-heading\">\u0130nsan Kaynaklar\u0131 Politikam\u0131z<\/h3>\n\n\n\n<p>Ba\u015far\u0131m\u0131z\u0131n arkas\u0131ndaki en de\u011ferli kayna\u011f\u0131n insan olmas\u0131 bilinciyle hareket ederek;<\/p>\n\n\n\n<ul class=\"wp-block-list\">\n<li>\u00c7al\u0131\u015fana de\u011fer veren,<\/li>\n\n\n\n<li>\u00c7al\u0131\u015fan\u0131n yarat\u0131c\u0131l\u0131\u011f\u0131ndan g\u00fc\u00e7 alarak heyecan\u0131ndan beslenen,<\/li>\n\n\n\n<li>De\u011fi\u015fime ve geli\u015fime a\u00e7\u0131k,<\/li>\n\n\n\n<li>Kariyer f\u0131rsatlar\u0131 yaratan,<\/li>\n\n\n\n<li>\u0130nsana, \u00e7evreye ve do\u011faya sayg\u0131l\u0131,<\/li>\n\n\n\n<li>Kalite standartlar\u0131na uyumlu,<\/li>\n\n\n\n<li>\u0130novasyon ve s\u00fcrd\u00fcr\u00fclebilirli\u011fi esas almaktay\u0131z.<\/li>\n<\/ul>\n\n\n\n<p>\u00c7al\u0131\u015fanlar\u0131n\u0131n sa\u011fl\u0131\u011f\u0131 ve g\u00fcvenli\u011fine \u00f6zel \u00f6nem veren firmam\u0131z, her \u00e7al\u0131\u015fan\u0131n i\u015fe girdi\u011fi g\u00fcnden itibaren i\u015f g\u00fcvenli\u011fi konusunda almas\u0131 gereken \u00f6nlemler ile ilgili e\u011fitimlerini vermekte ve i\u015f ortam\u0131nda bu konuda s\u00fcrekli iyile\u015ftirme \u00e7al\u0131\u015fmalar\u0131 s\u00fcrd\u00fcrmektedir.<\/p>\n\n\n\n<p>Adil ve standartlara dayal\u0131 olan \u00fccret sisteminde, piyasa ko\u015fullar\u0131na uygun \u00fccretlendirme ve yan olanaklar\u0131n yan\u0131 s\u0131ra performansa dayal\u0131 \u00f6d\u00fcllendirmeler de yap\u0131lmaktad\u0131r.<\/p>\n\n\n\n<hr class=\"wp-block-separator has-alpha-channel-opacity is-style-dots\"\/>\n\n\n\n<h3 class=\"wp-block-heading\">\u0130\u015f Ba\u015fvuru Formu<\/h3>\n\n\n\n<div class=\"wpcf7 no-js\" id=\"wpcf7-f179-o1\" lang=\"en-US\" dir=\"ltr\">\n<div class=\"screen-reader-response\"><p role=\"status\" aria-live=\"polite\" aria-atomic=\"true\"><\/p> <ul><\/ul><\/div>\n<form action=\"\/web\/wp-json\/wp\/v2\/pages\/61#wpcf7-f179-o1\" method=\"post\" class=\"wpcf7-form init\" aria-label=\"Contact form\" enctype=\"multipart\/form-data\" novalidate=\"novalidate\" data-status=\"init\">\n<div style=\"display: none;\">\n<input type=\"hidden\" name=\"_wpcf7\" value=\"179\" \/>\n<input type=\"hidden\" name=\"_wpcf7_version\" value=\"5.9.3\" \/>\n<input type=\"hidden\" name=\"_wpcf7_locale\" value=\"en_US\" \/>\n<input type=\"hidden\" name=\"_wpcf7_unit_tag\" value=\"wpcf7-f179-o1\" \/>\n<input type=\"hidden\" name=\"_wpcf7_container_post\" value=\"0\" \/>\n<input type=\"hidden\" name=\"_wpcf7_posted_data_hash\" value=\"\" \/>\n<\/div>\n<p><label>\u0130sim - Soyisim: *<span class=\"wpcf7-form-control-wrap\" data-name=\"your-name\"><input size=\"40\" class=\"wpcf7-form-control wpcf7-text wpcf7-validates-as-required\" aria-required=\"true\" aria-invalid=\"false\" value=\"\" type=\"text\" name=\"your-name\" \/><\/span><\/label><br \/>\n<label>E-posta: *<span class=\"wpcf7-form-control-wrap\" data-name=\"your-email\"><input size=\"40\" class=\"wpcf7-form-control wpcf7-email wpcf7-validates-as-required wpcf7-text wpcf7-validates-as-email\" aria-required=\"true\" aria-invalid=\"false\" value=\"\" type=\"email\" name=\"your-email\" \/><\/span> <\/label><br \/>\nTel no: *<span class=\"wpcf7-form-control-wrap\" data-name=\"tel-676\"><input size=\"40\" class=\"wpcf7-form-control wpcf7-tel wpcf7-validates-as-required wpcf7-text wpcf7-validates-as-tel\" aria-required=\"true\" aria-invalid=\"false\" placeholder=\"+90 (555) 555 55 55\" value=\"\" type=\"tel\" name=\"tel-676\" \/><\/span><br \/>\n<label>Mesaj: <span class=\"wpcf7-form-control-wrap\" data-name=\"your-message\"><textarea cols=\"40\" rows=\"10\" class=\"wpcf7-form-control wpcf7-textarea\" aria-invalid=\"false\" name=\"your-message\"><\/textarea><\/span><\/label><br \/>\n<label>CV dosyas\u0131: *<span class=\"wpcf7-form-control-wrap\" data-name=\"file-592\"><input size=\"40\" class=\"wpcf7-form-control wpcf7-file wpcf7-validates-as-required\" accept=\".pdf,.doc,.docx,.rtf,.txt\" aria-required=\"true\" aria-invalid=\"false\" type=\"file\" name=\"file-592\" \/><\/span><i>Dosya, 2 megabyte'dan k\u00fc\u00e7\u00fck olmal\u0131 ve a\u015fa\u011f\u0131da verilen dosya formatlar\u0131ndan birinden olmal\u0131..<br \/>\n[ pdf | doc | docx | rtf | txt ]<\/i><\/label>\n<\/p>\n<p>* zorunlu alan\n<\/p>\n<p><input class=\"wpcf7-form-control wpcf7-submit has-spinner\" type=\"submit\" value=\"G\u00f6nder !\" \/>\n<\/p><div class=\"wpcf7-response-output\" aria-hidden=\"true\"><\/div>\n<\/form>\n<\/div>\n\n","protected":false},"excerpt":{"rendered":"<p>\u0130nsan Kaynaklar\u0131 Politikam\u0131z Ba\u015far\u0131m\u0131z\u0131n arkas\u0131ndaki en de\u011ferli kayna\u011f\u0131n insan olmas\u0131 bilinciyle hareket ederek; \u00c7al\u0131\u015fanlar\u0131n\u0131n sa\u011fl\u0131\u011f\u0131 ve g\u00fcvenli\u011fine \u00f6zel \u00f6nem veren firmam\u0131z, her \u00e7al\u0131\u015fan\u0131n i\u015fe girdi\u011fi g\u00fcnden itibaren i\u015f g\u00fcvenli\u011fi konusunda almas\u0131 gereken \u00f6nlemler ile ilgili e\u011fitimlerini vermekte ve i\u015f ortam\u0131nda bu konuda s\u00fcrekli iyile\u015ftirme \u00e7al\u0131\u015fmalar\u0131 s\u00fcrd\u00fcrmektedir. Adil ve standartlara dayal\u0131 olan \u00fccret sisteminde, piyasa ko\u015fullar\u0131na [&hellip;]<\/p>\n","protected":false},"author":1,"featured_media":946,"parent":0,"menu_order":5,"comment_status":"closed","ping_status":"closed","template":"","meta":{"site-sidebar-layout":"default","site-content-layout":"","ast-site-content-layout":"","site-content-style":"default","site-sidebar-style":"default","ast-global-header-display":"","ast-banner-title-visibility":"","ast-main-header-display":"","ast-hfb-above-header-display":"","ast-hfb-below-header-display":"","ast-hfb-mobile-header-display":"","site-post-title":"","ast-breadcrumbs-content":"","ast-featured-img":"disabled","footer-sml-layout":"","theme-transparent-header-meta":"","adv-header-id-meta":"","stick-header-meta":"","header-above-stick-meta":"","header-main-stick-meta":"","header-below-stick-meta":"","astra-migrate-meta-layouts":"default","ast-page-background-enabled":"default","ast-page-background-meta":{"desktop":{"background-color":"var(--ast-global-color-4)","background-image":"","background-repeat":"repeat","background-position":"center center","background-size":"auto","background-attachment":"scroll","background-type":"","background-media":"","overlay-type":"","overlay-color":"","overlay-gradient":""},"tablet":{"background-color":"","background-image":"","background-repeat":"repeat","background-position":"center center","background-size":"auto","background-attachment":"scroll","background-type":"","background-media":"","overlay-type":"","overlay-color":"","overlay-gradient":""},"mobile":{"background-color":"","background-image":"","background-repeat":"repeat","background-position":"center center","background-size":"auto","background-attachment":"scroll","background-type":"","background-media":"","overlay-type":"","overlay-color":"","overlay-gradient":""}},"ast-content-background-meta":{"desktop":{"background-color":"var(--ast-global-color-5)","background-image":"","background-repeat":"repeat","background-position":"center center","background-size":"auto","background-attachment":"scroll","background-type":"","background-media":"","overlay-type":"","overlay-color":"","overlay-gradient":""},"tablet":{"background-color":"var(--ast-global-color-5)","background-image":"","background-repeat":"repeat","background-position":"center center","background-size":"auto","background-attachment":"scroll","background-type":"","background-media":"","overlay-type":"","overlay-color":"","overlay-gradient":""},"mobile":{"background-color":"var(--ast-global-color-5)","background-image":"","background-repeat":"repeat","background-position":"center center","background-size":"auto","background-attachment":"scroll","background-type":"","background-media":"","overlay-type":"","overlay-color":"","overlay-gradient":""}},"footnotes":""},"class_list":["post-61","page","type-page","status-publish","has-post-thumbnail","hentry"],"_links":{"self":[{"href":"https:\/\/www.dehaderi.com\/web\/wp-json\/wp\/v2\/pages\/61","targetHints":{"allow":["GET"]}}],"collection":[{"href":"https:\/\/www.dehaderi.com\/web\/wp-json\/wp\/v2\/pages"}],"about":[{"href":"https:\/\/www.dehaderi.com\/web\/wp-json\/wp\/v2\/types\/page"}],"author":[{"embeddable":true,"href":"https:\/\/www.dehaderi.com\/web\/wp-json\/wp\/v2\/users\/1"}],"replies":[{"embeddable":true,"href":"https:\/\/www.dehaderi.com\/web\/wp-json\/wp\/v2\/comments?post=61"}],"version-history":[{"count":9,"href":"https:\/\/www.dehaderi.com\/web\/wp-json\/wp\/v2\/pages\/61\/revisions"}],"predecessor-version":[{"id":947,"href":"https:\/\/www.dehaderi.com\/web\/wp-json\/wp\/v2\/pages\/61\/revisions\/947"}],"wp:featuredmedia":[{"embeddable":true,"href":"https:\/\/www.dehaderi.com\/web\/wp-json\/wp\/v2\/media\/946"}],"wp:attachment":[{"href":"https:\/\/www.dehaderi.com\/web\/wp-json\/wp\/v2\/media?parent=61"}],"curies":[{"name":"wp","href":"https:\/\/api.w.org\/{rel}","templated":true}]}}