{"id":58,"date":"2022-11-20T21:49:03","date_gmt":"2022-11-20T18:49:03","guid":{"rendered":"https:\/\/www.dehaderi.com\/web\/?page_id=58"},"modified":"2024-04-02T08:50:51","modified_gmt":"2024-04-02T05:50:51","slug":"hakkimizda","status":"publish","type":"page","link":"https:\/\/www.dehaderi.com\/web\/kurumsal\/hakkimizda\/","title":{"rendered":"Hakk\u0131m\u0131zda"},"content":{"rendered":"<figure class=\"wp-block-post-featured-image\"><img loading=\"lazy\" decoding=\"async\" width=\"1920\" height=\"576\" src=\"https:\/\/www.dehaderi.com\/web\/wp-content\/uploads\/2024\/04\/aboutUs-cemBey-v2.png\" class=\"attachment-post-thumbnail size-post-thumbnail wp-post-image\" alt=\"\" style=\"object-fit:cover;\" srcset=\"https:\/\/www.dehaderi.com\/web\/wp-content\/uploads\/2024\/04\/aboutUs-cemBey-v2.png 1920w, https:\/\/www.dehaderi.com\/web\/wp-content\/uploads\/2024\/04\/aboutUs-cemBey-v2-300x90.png 300w, https:\/\/www.dehaderi.com\/web\/wp-content\/uploads\/2024\/04\/aboutUs-cemBey-v2-1024x307.png 1024w, https:\/\/www.dehaderi.com\/web\/wp-content\/uploads\/2024\/04\/aboutUs-cemBey-v2-768x230.png 768w, https:\/\/www.dehaderi.com\/web\/wp-content\/uploads\/2024\/04\/aboutUs-cemBey-v2-1536x461.png 1536w, https:\/\/www.dehaderi.com\/web\/wp-content\/uploads\/2024\/04\/aboutUs-cemBey-v2-18x5.png 18w\" sizes=\"auto, (max-width: 1920px) 100vw, 1920px\" \/><\/figure>\n\n\n<h3 class=\"wp-block-heading\">DEHA DER\u0130 VE TEKST\u0130L SAN. T\u0130C. LTD. \u015eT\u0130.<\/h3>\n\n\n\n<p>DEHA Deri, kuruldu\u011fu 2007 y\u0131l\u0131ndan bu yana s\u00fcrekli geli\u015ferek T\u00fcrk ekonomisine \u00f6nemli katk\u0131larda bulunmu\u015f ve T\u00fcrk ekonomisinin temellerinden olan suni deri sekt\u00f6r\u00fcnde kaliteli ve yenilik\u00e7i \u00e7al\u0131\u015fma felsefesi ile \u00f6nc\u00fc olmu\u015ftur.<\/p>\n\n\n\n<p>G\u00fcn\u00fcm\u00fcz t\u00fcketicisinin tercihlerine ve piyasan\u0131n yeniliklerine ayak uydurarak \u00fcr\u00fcn grubundaki \u00e7e\u015fitlilik yelpazesini b\u00fcy\u00fctm\u00fc\u015f, ayn\u0131 zamanda \u0130zmir \u015fubesiyle de m\u00fc\u015fterilerine daha kolay ula\u015f\u0131labilirli\u011fi sa\u011flam\u0131\u015ft\u0131r.<\/p>\n\n\n\n<p>Deha Deri olarak faaliyet alanlar\u0131m\u0131zda &#8220;marka olma&#8221; hedefimizi; inand\u0131\u011f\u0131m\u0131z de\u011ferlerimizin ve ilkelerimizin do\u011frultusunda \u00e7ok \u00e7al\u0131\u015farak ger\u00e7ekle\u015ftirdik.<\/p>\n\n\n\n<p>\u015eirketimizin temel ilkeleri; h\u0131zl\u0131, d\u00fcr\u00fcst ve s\u00fcrekli kendini yenileyen ve ilerleyen bir yap\u0131da olmakt\u0131r.<\/p>\n\n\n\n<p>S\u00fcrekli b\u00fcy\u00fcyen ve geli\u015fen yap\u0131m\u0131zda temel yakla\u015f\u0131m\u0131m\u0131z; m\u00fc\u015fterilerimize ve \u00e7al\u0131\u015fanlar\u0131m\u0131za de\u011fer vermek bilinciyle \u00e7al\u0131\u015fmakt\u0131r.<\/p>\n\n\n\n<p>1990 y\u0131l\u0131nda sekt\u00f6re girmi\u015f olan kurucumuz Cem Murat \u00dcnsal\u2019\u0131n \u00e7eyrek asr\u0131 a\u015fan i\u015f tecr\u00fcbesi ile temel ilkelerimiz d\u00fcr\u00fcstl\u00fck, mutlak m\u00fc\u015fteri memnuniyeti, s\u00fcrekli i\u015fimize yat\u0131r\u0131m ve insana sayg\u0131 olmu\u015ftur.<\/p>\n\n\n\n<p>Temel ilkelerimizi d\u00fcnden bug\u00fcne ta\u015f\u0131man\u0131n ve daha da geli\u015ftirmenin mutlulu\u011funu ya\u015f\u0131yoruz. Deha Deri\u2019de bir yandan bir aile \u015firketi olman\u0131n avantajlar\u0131 kullan\u0131l\u0131rken; di\u011fer yandan kurumsalla\u015fma \u00e7al\u0131\u015fmalar\u0131, verimlilik art\u0131rma metotlar\u0131, Ar-Ge \u00e7al\u0131\u015fmalar\u0131, y\u00f6netimde yeniden yap\u0131lanma ve \u00f6zellikle i\u015fyeri \u00e7al\u0131\u015fanlar\u0131na y\u00f6nelik e\u011fitim programlar\u0131 ile her d\u00fczeydeki \u00e7al\u0131\u015fan\u0131m\u0131z\u0131n ki\u015fisel geli\u015fimine \u00f6nem vermekteyiz.<\/p>\n\n\n\n<p>Ba\u015far\u0131 b\u00fcy\u00fcmeyi ve ilerlemeyi sa\u011flar. Bilgi ak\u0131\u015f\u0131n\u0131n \u00e7ok h\u0131zl\u0131 ve s\u00fcrekli geli\u015fti\u011fi bili\u015fim \u00e7a\u011f\u0131nda \u00fcretilen mal ve hizmetlerin kaliteli olmas\u0131 tek ba\u015f\u0131na yeterli olmamakla beraber \u00fcr\u00fcn\u00fcn kalite standard\u0131n\u0131n yan\u0131nda, en uygun fiyatla ve zaman\u0131nda al\u0131c\u0131ya ula\u015ft\u0131r\u0131lmas\u0131n\u0131n \u00f6nemi daha b\u00fcy\u00fck hale gelmi\u015ftir.<\/p>\n\n\n\n<p>Rekabetin art\u0131k her sekt\u00f6rde kar\u015f\u0131m\u0131za \u00e7\u0131kt\u0131\u011f\u0131 g\u00fcn\u00fcm\u00fczde yeni d\u00fcnya pazarlar\u0131na an\u0131nda uyum sa\u011flayacak planlar\u0131n olu\u015fturulmas\u0131, stratejilerin belirlenmesi, yeni alanlara yat\u0131r\u0131m yap\u0131lmas\u0131 ve s\u00fcrekli de\u011fi\u015fim ve geli\u015fim i\u00e7inde olmay\u0131 hedeflemekteyiz..<\/p>\n\n\n\n<p>\u015eirketimiz; deneyimli y\u00f6netim kadrosu, tecr\u00fcbeli ve verimli \u00e7al\u0131\u015fanlar\u0131 sayesinde, m\u00fc\u015fteri memnuniyeti odakl\u0131 hizmet anlay\u0131\u015f\u0131n\u0131 faaliyet g\u00f6sterdi\u011fi sekt\u00f6rlerdeki bilgi ve deneyimiyle birle\u015ftirerek \u015firketin temel ilke, hedef ve ama\u00e7lar\u0131n\u0131 ger\u00e7ekle\u015ftirerek m\u00fc\u015fterilerimize en iyi \u015fekilde hizmet vermeyi ba\u015farmaktad\u0131r.<\/p>\n","protected":false},"excerpt":{"rendered":"<p>DEHA DER\u0130 VE TEKST\u0130L SAN. T\u0130C. LTD. \u015eT\u0130. DEHA Deri, kuruldu\u011fu 2007 y\u0131l\u0131ndan bu yana s\u00fcrekli geli\u015ferek T\u00fcrk ekonomisine \u00f6nemli katk\u0131larda bulunmu\u015f ve T\u00fcrk ekonomisinin temellerinden olan suni deri sekt\u00f6r\u00fcnde kaliteli ve yenilik\u00e7i \u00e7al\u0131\u015fma felsefesi ile \u00f6nc\u00fc olmu\u015ftur. G\u00fcn\u00fcm\u00fcz t\u00fcketicisinin tercihlerine ve piyasan\u0131n yeniliklerine ayak uydurarak \u00fcr\u00fcn grubundaki \u00e7e\u015fitlilik yelpazesini b\u00fcy\u00fctm\u00fc\u015f, ayn\u0131 zamanda \u0130zmir \u015fubesiyle [&hellip;]<\/p>\n","protected":false},"author":1,"featured_media":1056,"parent":34,"menu_order":5,"comment_status":"closed","ping_status":"closed","template":"","meta":{"site-sidebar-layout":"default","site-content-layout":"default","ast-site-content-layout":"default","site-content-style":"default","site-sidebar-style":"default","ast-global-header-display":"","ast-banner-title-visibility":"","ast-main-header-display":"","ast-hfb-above-header-display":"","ast-hfb-below-header-display":"","ast-hfb-mobile-header-display":"","site-post-title":"","ast-breadcrumbs-content":"","ast-featured-img":"disabled","footer-sml-layout":"","theme-transparent-header-meta":"","adv-header-id-meta":"","stick-header-meta":"","header-above-stick-meta":"","header-main-stick-meta":"","header-below-stick-meta":"","astra-migrate-meta-layouts":"set","ast-page-background-enabled":"default","ast-page-background-meta":{"desktop":{"background-color":"var(--ast-global-color-4)","background-image":"","background-repeat":"repeat","background-position":"center center","background-size":"auto","background-attachment":"scroll","background-type":"","background-media":"","overlay-type":"","overlay-color":"","overlay-gradient":""},"tablet":{"background-color":"","background-image":"","background-repeat":"repeat","background-position":"center center","background-size":"auto","background-attachment":"scroll","background-type":"","background-media":"","overlay-type":"","overlay-color":"","overlay-gradient":""},"mobile":{"background-color":"","background-image":"","background-repeat":"repeat","background-position":"center center","background-size":"auto","background-attachment":"scroll","background-type":"","background-media":"","overlay-type":"","overlay-color":"","overlay-gradient":""}},"ast-content-background-meta":{"desktop":{"background-color":"var(--ast-global-color-5)","background-image":"","background-repeat":"repeat","background-position":"center center","background-size":"auto","background-attachment":"scroll","background-type":"","background-media":"","overlay-type":"","overlay-color":"","overlay-gradient":""},"tablet":{"background-color":"var(--ast-global-color-5)","background-image":"","background-repeat":"repeat","background-position":"center center","background-size":"auto","background-attachment":"scroll","background-type":"","background-media":"","overlay-type":"","overlay-color":"","overlay-gradient":""},"mobile":{"background-color":"var(--ast-global-color-5)","background-image":"","background-repeat":"repeat","background-position":"center center","background-size":"auto","background-attachment":"scroll","background-type":"","background-media":"","overlay-type":"","overlay-color":"","overlay-gradient":""}},"footnotes":""},"class_list":["post-58","page","type-page","status-publish","has-post-thumbnail","hentry"],"_links":{"self":[{"href":"https:\/\/www.dehaderi.com\/web\/wp-json\/wp\/v2\/pages\/58","targetHints":{"allow":["GET"]}}],"collection":[{"href":"https:\/\/www.dehaderi.com\/web\/wp-json\/wp\/v2\/pages"}],"about":[{"href":"https:\/\/www.dehaderi.com\/web\/wp-json\/wp\/v2\/types\/page"}],"author":[{"embeddable":true,"href":"https:\/\/www.dehaderi.com\/web\/wp-json\/wp\/v2\/users\/1"}],"replies":[{"embeddable":true,"href":"https:\/\/www.dehaderi.com\/web\/wp-json\/wp\/v2\/comments?post=58"}],"version-history":[{"count":18,"href":"https:\/\/www.dehaderi.com\/web\/wp-json\/wp\/v2\/pages\/58\/revisions"}],"predecessor-version":[{"id":1057,"href":"https:\/\/www.dehaderi.com\/web\/wp-json\/wp\/v2\/pages\/58\/revisions\/1057"}],"up":[{"embeddable":true,"href":"https:\/\/www.dehaderi.com\/web\/wp-json\/wp\/v2\/pages\/34"}],"wp:featuredmedia":[{"embeddable":true,"href":"https:\/\/www.dehaderi.com\/web\/wp-json\/wp\/v2\/media\/1056"}],"wp:attachment":[{"href":"https:\/\/www.dehaderi.com\/web\/wp-json\/wp\/v2\/media?parent=58"}],"curies":[{"name":"wp","href":"https:\/\/api.w.org\/{rel}","templated":true}]}}