{"id":34,"date":"2022-11-20T20:39:42","date_gmt":"2022-11-20T17:39:42","guid":{"rendered":"https:\/\/www.dehaderi.com\/web\/?page_id=34"},"modified":"2022-12-17T09:40:08","modified_gmt":"2022-12-17T06:40:08","slug":"kurumsal","status":"publish","type":"page","link":"https:\/\/www.dehaderi.com\/web\/kurumsal\/","title":{"rendered":"Kurumsal"},"content":{"rendered":"<figure class=\"wp-block-post-featured-image\"><img loading=\"lazy\" decoding=\"async\" width=\"1920\" height=\"384\" src=\"https:\/\/www.dehaderi.com\/web\/wp-content\/uploads\/2022\/12\/table-2577998_1920-1.jpg\" class=\"attachment-post-thumbnail size-post-thumbnail wp-post-image\" alt=\"\" style=\"object-fit:cover;\" srcset=\"https:\/\/www.dehaderi.com\/web\/wp-content\/uploads\/2022\/12\/table-2577998_1920-1.jpg 1920w, https:\/\/www.dehaderi.com\/web\/wp-content\/uploads\/2022\/12\/table-2577998_1920-1-300x60.jpg 300w, https:\/\/www.dehaderi.com\/web\/wp-content\/uploads\/2022\/12\/table-2577998_1920-1-1024x205.jpg 1024w, https:\/\/www.dehaderi.com\/web\/wp-content\/uploads\/2022\/12\/table-2577998_1920-1-768x154.jpg 768w, https:\/\/www.dehaderi.com\/web\/wp-content\/uploads\/2022\/12\/table-2577998_1920-1-1536x307.jpg 1536w, https:\/\/www.dehaderi.com\/web\/wp-content\/uploads\/2022\/12\/table-2577998_1920-1-18x4.jpg 18w\" sizes=\"auto, (max-width: 1920px) 100vw, 1920px\" \/><\/figure>\n\n\n<div style=\"height:42px\" aria-hidden=\"true\" class=\"wp-block-spacer\"><\/div>\n\n\n\n<p>&#8220;En de\u011ferli kayna\u011f\u0131m\u0131z \u00e7al\u0131\u015fanlar\u0131m\u0131zd\u0131r&#8221; diye d\u00fc\u015f\u00fcn\u00fcyor ve \u00e7al\u0131\u015fanlar\u0131m\u0131z\u0131 gerek i\u015fe al\u0131m s\u00fcrecinde gerekse \u00e7al\u0131\u015fma s\u00fcresince en verimli ve mutlu olabilecekleri alanda de\u011ferlendiriyoruz. Ayr\u0131ca kurum i\u00e7i ve kurum d\u0131\u015f\u0131 e\u011fitim etkinlikleri ile \u00e7al\u0131\u015fanlar\u0131m\u0131z\u0131n ki\u015fisel ve mesleki geli\u015fimlerine katk\u0131da bulunuyoruz.<\/p>\n\n\n\n<p>Ekibimize uyum sa\u011flayacak, alan\u0131nda profesyonel, geli\u015fime a\u00e7\u0131k, dinamik ve g\u00fc\u00e7l\u00fc ileti\u015fim yetene\u011fine sahip yeni \u00e7al\u0131\u015fma arkada\u015flar\u0131m\u0131z\u0131n da aram\u0131za kat\u0131lmas\u0131yla sekt\u00f6rde liderli\u011fimize devam ederek kurumsalla\u015fmay\u0131 hedefliyoruz.<\/p>\n\n\n\n<div class=\"wp-block-query is-layout-flow wp-block-query-is-layout-flow\"><ul class=\"is-flex-container columns-3 wp-block-post-template is-layout-flow wp-block-post-template-is-layout-flow\"><li class=\"wp-block-post post-272 page type-page status-publish has-post-thumbnail hentry\">\n\n<div class=\"wp-block-group is-layout-flow wp-block-group-is-layout-flow\" style=\"padding-top:30px;padding-right:30px;padding-bottom:30px;padding-left:30px\"><h4 class=\"wp-block-post-title\"><a href=\"https:\/\/www.dehaderi.com\/web\/kurumsal\/vizyon-misyon-2\/\" target=\"_self\" >Vizyon &#038; Misyon<\/a><\/h4><\/div>\n\n<\/li><li class=\"wp-block-post post-271 page type-page status-publish has-post-thumbnail hentry\">\n\n<div class=\"wp-block-group is-layout-flow wp-block-group-is-layout-flow\" style=\"padding-top:30px;padding-right:30px;padding-bottom:30px;padding-left:30px\"><h4 class=\"wp-block-post-title\"><a href=\"https:\/\/www.dehaderi.com\/web\/kurumsal\/kalite-politikamiz\/\" target=\"_self\" >Kalite Politikam\u0131z<\/a><\/h4><\/div>\n\n<\/li><li class=\"wp-block-post post-58 page type-page status-publish has-post-thumbnail hentry\">\n\n<div class=\"wp-block-group is-layout-flow wp-block-group-is-layout-flow\" style=\"padding-top:30px;padding-right:30px;padding-bottom:30px;padding-left:30px\"><h4 class=\"wp-block-post-title\"><a href=\"https:\/\/www.dehaderi.com\/web\/kurumsal\/hakkimizda\/\" target=\"_self\" >Hakk\u0131m\u0131zda<\/a><\/h4><\/div>\n\n<\/li><\/ul><\/div>\n","protected":false},"excerpt":{"rendered":"<p>&#8220;En de\u011ferli kayna\u011f\u0131m\u0131z \u00e7al\u0131\u015fanlar\u0131m\u0131zd\u0131r&#8221; diye d\u00fc\u015f\u00fcn\u00fcyor ve \u00e7al\u0131\u015fanlar\u0131m\u0131z\u0131 gerek i\u015fe al\u0131m s\u00fcrecinde gerekse \u00e7al\u0131\u015fma s\u00fcresince en verimli ve mutlu olabilecekleri alanda de\u011ferlendiriyoruz. Ayr\u0131ca kurum i\u00e7i ve kurum d\u0131\u015f\u0131 e\u011fitim etkinlikleri ile \u00e7al\u0131\u015fanlar\u0131m\u0131z\u0131n ki\u015fisel ve mesleki geli\u015fimlerine katk\u0131da bulunuyoruz. Ekibimize uyum sa\u011flayacak, alan\u0131nda profesyonel, geli\u015fime a\u00e7\u0131k, dinamik ve g\u00fc\u00e7l\u00fc ileti\u015fim yetene\u011fine sahip yeni \u00e7al\u0131\u015fma arkada\u015flar\u0131m\u0131z\u0131n da [&hellip;]<\/p>\n","protected":false},"author":1,"featured_media":981,"parent":0,"menu_order":2,"comment_status":"closed","ping_status":"closed","template":"","meta":{"site-sidebar-layout":"default","site-content-layout":"","ast-site-content-layout":"","site-content-style":"default","site-sidebar-style":"default","ast-global-header-display":"","ast-banner-title-visibility":"","ast-main-header-display":"","ast-hfb-above-header-display":"","ast-hfb-below-header-display":"","ast-hfb-mobile-header-display":"","site-post-title":"","ast-breadcrumbs-content":"","ast-featured-img":"disabled","footer-sml-layout":"","theme-transparent-header-meta":"","adv-header-id-meta":"","stick-header-meta":"","header-above-stick-meta":"","header-main-stick-meta":"","header-below-stick-meta":"","astra-migrate-meta-layouts":"default","ast-page-background-enabled":"default","ast-page-background-meta":{"desktop":{"background-color":"var(--ast-global-color-4)","background-image":"","background-repeat":"repeat","background-position":"center center","background-size":"auto","background-attachment":"scroll","background-type":"","background-media":"","overlay-type":"","overlay-color":"","overlay-gradient":""},"tablet":{"background-color":"","background-image":"","background-repeat":"repeat","background-position":"center center","background-size":"auto","background-attachment":"scroll","background-type":"","background-media":"","overlay-type":"","overlay-color":"","overlay-gradient":""},"mobile":{"background-color":"","background-image":"","background-repeat":"repeat","background-position":"center center","background-size":"auto","background-attachment":"scroll","background-type":"","background-media":"","overlay-type":"","overlay-color":"","overlay-gradient":""}},"ast-content-background-meta":{"desktop":{"background-color":"var(--ast-global-color-5)","background-image":"","background-repeat":"repeat","background-position":"center center","background-size":"auto","background-attachment":"scroll","background-type":"","background-media":"","overlay-type":"","overlay-color":"","overlay-gradient":""},"tablet":{"background-color":"var(--ast-global-color-5)","background-image":"","background-repeat":"repeat","background-position":"center center","background-size":"auto","background-attachment":"scroll","background-type":"","background-media":"","overlay-type":"","overlay-color":"","overlay-gradient":""},"mobile":{"background-color":"var(--ast-global-color-5)","background-image":"","background-repeat":"repeat","background-position":"center center","background-size":"auto","background-attachment":"scroll","background-type":"","background-media":"","overlay-type":"","overlay-color":"","overlay-gradient":""}},"footnotes":""},"class_list":["post-34","page","type-page","status-publish","has-post-thumbnail","hentry"],"_links":{"self":[{"href":"https:\/\/www.dehaderi.com\/web\/wp-json\/wp\/v2\/pages\/34","targetHints":{"allow":["GET"]}}],"collection":[{"href":"https:\/\/www.dehaderi.com\/web\/wp-json\/wp\/v2\/pages"}],"about":[{"href":"https:\/\/www.dehaderi.com\/web\/wp-json\/wp\/v2\/types\/page"}],"author":[{"embeddable":true,"href":"https:\/\/www.dehaderi.com\/web\/wp-json\/wp\/v2\/users\/1"}],"replies":[{"embeddable":true,"href":"https:\/\/www.dehaderi.com\/web\/wp-json\/wp\/v2\/comments?post=34"}],"version-history":[{"count":31,"href":"https:\/\/www.dehaderi.com\/web\/wp-json\/wp\/v2\/pages\/34\/revisions"}],"predecessor-version":[{"id":1002,"href":"https:\/\/www.dehaderi.com\/web\/wp-json\/wp\/v2\/pages\/34\/revisions\/1002"}],"wp:featuredmedia":[{"embeddable":true,"href":"https:\/\/www.dehaderi.com\/web\/wp-json\/wp\/v2\/media\/981"}],"wp:attachment":[{"href":"https:\/\/www.dehaderi.com\/web\/wp-json\/wp\/v2\/media?parent=34"}],"curies":[{"name":"wp","href":"https:\/\/api.w.org\/{rel}","templated":true}]}}