{"id":272,"date":"2022-11-26T18:54:45","date_gmt":"2022-11-26T15:54:45","guid":{"rendered":"https:\/\/www.dehaderi.com\/web\/?page_id=272"},"modified":"2022-12-17T09:13:23","modified_gmt":"2022-12-17T06:13:23","slug":"vizyon-misyon-2","status":"publish","type":"page","link":"https:\/\/www.dehaderi.com\/web\/kurumsal\/vizyon-misyon-2\/","title":{"rendered":"Vizyon &#038; Misyon"},"content":{"rendered":"<figure class=\"wp-block-post-featured-image\"><img loading=\"lazy\" decoding=\"async\" width=\"1920\" height=\"576\" src=\"https:\/\/www.dehaderi.com\/web\/wp-content\/uploads\/2022\/12\/vision-mission.jpg\" class=\"attachment-post-thumbnail size-post-thumbnail wp-post-image\" alt=\"\" style=\"object-fit:cover;\" srcset=\"https:\/\/www.dehaderi.com\/web\/wp-content\/uploads\/2022\/12\/vision-mission.jpg 1920w, https:\/\/www.dehaderi.com\/web\/wp-content\/uploads\/2022\/12\/vision-mission-300x90.jpg 300w, https:\/\/www.dehaderi.com\/web\/wp-content\/uploads\/2022\/12\/vision-mission-1024x307.jpg 1024w, https:\/\/www.dehaderi.com\/web\/wp-content\/uploads\/2022\/12\/vision-mission-768x230.jpg 768w, https:\/\/www.dehaderi.com\/web\/wp-content\/uploads\/2022\/12\/vision-mission-1536x461.jpg 1536w, https:\/\/www.dehaderi.com\/web\/wp-content\/uploads\/2022\/12\/vision-mission-18x5.jpg 18w\" sizes=\"auto, (max-width: 1920px) 100vw, 1920px\" \/><\/figure>\n\n\n<div style=\"height:36px\" aria-hidden=\"true\" class=\"wp-block-spacer\"><\/div>\n\n\n\n<h4 class=\"wp-block-heading\">Misyonumuz;<\/h4>\n\n\n\n<p>Ba\u015far\u0131n\u0131n as\u0131l anahtar\u0131n\u0131n planl\u0131, verimli ve disiplinli olarak \u00e7al\u0131\u015fmak oldu\u011funu ilke edinerek,temelini sevgi ve sayg\u0131n\u0131n olu\u015fturdu\u011fu ekip ruhunu benimseyen \u00e7al\u0131\u015fanlar\u0131m\u0131z\u0131n mutlulu\u011funu sa\u011flamak ve \u015firketimizin tamam\u0131nda bulunan y\u00fcksek motivasyonla m\u00fc\u015fterilerimize her seferinde beklentilerini a\u015farak en iyi \u015fekilde hizmet etmektir.<\/p>\n\n\n\n<h4 class=\"wp-block-heading\">Vizyonumuz;<\/h4>\n\n\n\n<p>\u00dcst\u00fcn kalite ve mutlak m\u00fc\u015fteri memnuniyetini hedefleyen hizmet anlay\u0131\u015f\u0131 ile en uygun fiyata , \u00fcr\u00fcn \u00e7e\u015fitlili\u011finde \u00f6nc\u00fcl\u00fc\u011f\u00fc s\u00fcrd\u00fcrerek kal\u0131c\u0131 farkl\u0131l\u0131klar meydana getirmektir.<\/p>\n\n\n\n<h4 class=\"wp-block-heading\">De\u011ferlerimiz;<\/h4>\n\n\n\n<p>d\u00fcr\u00fcstl\u00fck, yarat\u0131c\u0131l\u0131k, kar\u015f\u0131l\u0131kl\u0131 sayg\u0131, sorumluluk bilinci ve m\u00fc\u015fteri odakl\u0131l\u0131kt\u0131r.<\/p>\n","protected":false},"excerpt":{"rendered":"<p>Misyonumuz; Ba\u015far\u0131n\u0131n as\u0131l anahtar\u0131n\u0131n planl\u0131, verimli ve disiplinli olarak \u00e7al\u0131\u015fmak oldu\u011funu ilke edinerek,temelini sevgi ve sayg\u0131n\u0131n olu\u015fturdu\u011fu ekip ruhunu benimseyen \u00e7al\u0131\u015fanlar\u0131m\u0131z\u0131n mutlulu\u011funu sa\u011flamak ve \u015firketimizin tamam\u0131nda bulunan y\u00fcksek motivasyonla m\u00fc\u015fterilerimize her seferinde beklentilerini a\u015farak en iyi \u015fekilde hizmet etmektir. Vizyonumuz; \u00dcst\u00fcn kalite ve mutlak m\u00fc\u015fteri memnuniyetini hedefleyen hizmet anlay\u0131\u015f\u0131 ile en uygun fiyata , \u00fcr\u00fcn [&hellip;]<\/p>\n","protected":false},"author":1,"featured_media":996,"parent":34,"menu_order":10,"comment_status":"closed","ping_status":"closed","template":"","meta":{"site-sidebar-layout":"default","site-content-layout":"","ast-site-content-layout":"","site-content-style":"default","site-sidebar-style":"default","ast-global-header-display":"","ast-banner-title-visibility":"","ast-main-header-display":"","ast-hfb-above-header-display":"","ast-hfb-below-header-display":"","ast-hfb-mobile-header-display":"","site-post-title":"","ast-breadcrumbs-content":"","ast-featured-img":"disabled","footer-sml-layout":"","theme-transparent-header-meta":"","adv-header-id-meta":"","stick-header-meta":"","header-above-stick-meta":"","header-main-stick-meta":"","header-below-stick-meta":"","astra-migrate-meta-layouts":"default","ast-page-background-enabled":"default","ast-page-background-meta":{"desktop":{"background-color":"var(--ast-global-color-4)","background-image":"","background-repeat":"repeat","background-position":"center center","background-size":"auto","background-attachment":"scroll","background-type":"","background-media":"","overlay-type":"","overlay-color":"","overlay-gradient":""},"tablet":{"background-color":"","background-image":"","background-repeat":"repeat","background-position":"center center","background-size":"auto","background-attachment":"scroll","background-type":"","background-media":"","overlay-type":"","overlay-color":"","overlay-gradient":""},"mobile":{"background-color":"","background-image":"","background-repeat":"repeat","background-position":"center center","background-size":"auto","background-attachment":"scroll","background-type":"","background-media":"","overlay-type":"","overlay-color":"","overlay-gradient":""}},"ast-content-background-meta":{"desktop":{"background-color":"var(--ast-global-color-5)","background-image":"","background-repeat":"repeat","background-position":"center center","background-size":"auto","background-attachment":"scroll","background-type":"","background-media":"","overlay-type":"","overlay-color":"","overlay-gradient":""},"tablet":{"background-color":"var(--ast-global-color-5)","background-image":"","background-repeat":"repeat","background-position":"center center","background-size":"auto","background-attachment":"scroll","background-type":"","background-media":"","overlay-type":"","overlay-color":"","overlay-gradient":""},"mobile":{"background-color":"var(--ast-global-color-5)","background-image":"","background-repeat":"repeat","background-position":"center center","background-size":"auto","background-attachment":"scroll","background-type":"","background-media":"","overlay-type":"","overlay-color":"","overlay-gradient":""}},"footnotes":""},"class_list":["post-272","page","type-page","status-publish","has-post-thumbnail","hentry"],"_links":{"self":[{"href":"https:\/\/www.dehaderi.com\/web\/wp-json\/wp\/v2\/pages\/272","targetHints":{"allow":["GET"]}}],"collection":[{"href":"https:\/\/www.dehaderi.com\/web\/wp-json\/wp\/v2\/pages"}],"about":[{"href":"https:\/\/www.dehaderi.com\/web\/wp-json\/wp\/v2\/types\/page"}],"author":[{"embeddable":true,"href":"https:\/\/www.dehaderi.com\/web\/wp-json\/wp\/v2\/users\/1"}],"replies":[{"embeddable":true,"href":"https:\/\/www.dehaderi.com\/web\/wp-json\/wp\/v2\/comments?post=272"}],"version-history":[{"count":6,"href":"https:\/\/www.dehaderi.com\/web\/wp-json\/wp\/v2\/pages\/272\/revisions"}],"predecessor-version":[{"id":999,"href":"https:\/\/www.dehaderi.com\/web\/wp-json\/wp\/v2\/pages\/272\/revisions\/999"}],"up":[{"embeddable":true,"href":"https:\/\/www.dehaderi.com\/web\/wp-json\/wp\/v2\/pages\/34"}],"wp:featuredmedia":[{"embeddable":true,"href":"https:\/\/www.dehaderi.com\/web\/wp-json\/wp\/v2\/media\/996"}],"wp:attachment":[{"href":"https:\/\/www.dehaderi.com\/web\/wp-json\/wp\/v2\/media?parent=272"}],"curies":[{"name":"wp","href":"https:\/\/api.w.org\/{rel}","templated":true}]}}