{"id":271,"date":"2022-11-26T18:54:33","date_gmt":"2022-11-26T15:54:33","guid":{"rendered":"https:\/\/www.dehaderi.com\/web\/?page_id=271"},"modified":"2022-12-17T09:38:28","modified_gmt":"2022-12-17T06:38:28","slug":"kalite-politikamiz","status":"publish","type":"page","link":"https:\/\/www.dehaderi.com\/web\/kurumsal\/kalite-politikamiz\/","title":{"rendered":"Kalite Politikam\u0131z"},"content":{"rendered":"<figure class=\"wp-block-post-featured-image\"><img loading=\"lazy\" decoding=\"async\" width=\"1920\" height=\"400\" src=\"https:\/\/www.dehaderi.com\/web\/wp-content\/uploads\/2022\/12\/ic-bn-trans.png\" class=\"attachment-post-thumbnail size-post-thumbnail wp-post-image\" alt=\"\" style=\"object-fit:cover;\" srcset=\"https:\/\/www.dehaderi.com\/web\/wp-content\/uploads\/2022\/12\/ic-bn-trans.png 1920w, https:\/\/www.dehaderi.com\/web\/wp-content\/uploads\/2022\/12\/ic-bn-trans-300x63.png 300w, https:\/\/www.dehaderi.com\/web\/wp-content\/uploads\/2022\/12\/ic-bn-trans-1024x213.png 1024w, https:\/\/www.dehaderi.com\/web\/wp-content\/uploads\/2022\/12\/ic-bn-trans-768x160.png 768w, https:\/\/www.dehaderi.com\/web\/wp-content\/uploads\/2022\/12\/ic-bn-trans-1536x320.png 1536w, https:\/\/www.dehaderi.com\/web\/wp-content\/uploads\/2022\/12\/ic-bn-trans-18x4.png 18w\" sizes=\"auto, (max-width: 1920px) 100vw, 1920px\" \/><\/figure>\n\n\n<div style=\"height:45px\" aria-hidden=\"true\" class=\"wp-block-spacer\"><\/div>\n\n\n\n<p>Deha Deri, suni deri alan\u0131nda m\u00fc\u015fteri memnuniyetini hedefleyen \u00e7\u00f6z\u00fcmlerine y\u00f6nelik ortaya koyaca\u011f\u0131 t\u00fcm \u00fcretim ve hizmet sa\u011flama a\u015famalar\u0131nda;<\/p>\n\n\n\n<ul class=\"wp-block-list\">\n<li>Geli\u015fen teknolojiyi i\u00e7selle\u015ftiren s\u00fcrekli geli\u015fim,<\/li>\n\n\n\n<li>Y\u00fcksek seviyede personel e\u011fitimi,<\/li>\n\n\n\n<li>Gen\u00e7 ve dinamik yap\u0131s\u0131yla kaliteli \u00fcretim,&nbsp;<\/li>\n\n\n\n<li>\u00dcr\u00fcn iyile\u015ftirilmesine gidilerek daha sa\u011fl\u0131kl\u0131 ve kullan\u0131\u015fl\u0131 \u00fcr\u00fcn \u00fcretimi,&nbsp;<\/li>\n\n\n\n<li>S\u00fcrekli yap\u0131lan testlerle memnuniyetin en \u00fcst seviyede tutulmas\u0131<\/li>\n<\/ul>\n\n\n\n<p>ilkelerine uymay\u0131 kendine d\u00fcstur olarak edinmi\u015ftir.<\/p>\n","protected":false},"excerpt":{"rendered":"<p>Deha Deri, suni deri alan\u0131nda m\u00fc\u015fteri memnuniyetini hedefleyen \u00e7\u00f6z\u00fcmlerine y\u00f6nelik ortaya koyaca\u011f\u0131 t\u00fcm \u00fcretim ve hizmet sa\u011flama a\u015famalar\u0131nda; ilkelerine uymay\u0131 kendine d\u00fcstur olarak edinmi\u015ftir.<\/p>\n","protected":false},"author":1,"featured_media":755,"parent":34,"menu_order":15,"comment_status":"closed","ping_status":"closed","template":"","meta":{"site-sidebar-layout":"default","site-content-layout":"","ast-site-content-layout":"","site-content-style":"default","site-sidebar-style":"default","ast-global-header-display":"","ast-banner-title-visibility":"","ast-main-header-display":"","ast-hfb-above-header-display":"","ast-hfb-below-header-display":"","ast-hfb-mobile-header-display":"","site-post-title":"","ast-breadcrumbs-content":"","ast-featured-img":"disabled","footer-sml-layout":"","theme-transparent-header-meta":"","adv-header-id-meta":"","stick-header-meta":"","header-above-stick-meta":"","header-main-stick-meta":"","header-below-stick-meta":"","astra-migrate-meta-layouts":"default","ast-page-background-enabled":"default","ast-page-background-meta":{"desktop":{"background-color":"var(--ast-global-color-4)","background-image":"","background-repeat":"repeat","background-position":"center center","background-size":"auto","background-attachment":"scroll","background-type":"","background-media":"","overlay-type":"","overlay-color":"","overlay-gradient":""},"tablet":{"background-color":"","background-image":"","background-repeat":"repeat","background-position":"center center","background-size":"auto","background-attachment":"scroll","background-type":"","background-media":"","overlay-type":"","overlay-color":"","overlay-gradient":""},"mobile":{"background-color":"","background-image":"","background-repeat":"repeat","background-position":"center center","background-size":"auto","background-attachment":"scroll","background-type":"","background-media":"","overlay-type":"","overlay-color":"","overlay-gradient":""}},"ast-content-background-meta":{"desktop":{"background-color":"var(--ast-global-color-5)","background-image":"","background-repeat":"repeat","background-position":"center center","background-size":"auto","background-attachment":"scroll","background-type":"","background-media":"","overlay-type":"","overlay-color":"","overlay-gradient":""},"tablet":{"background-color":"var(--ast-global-color-5)","background-image":"","background-repeat":"repeat","background-position":"center center","background-size":"auto","background-attachment":"scroll","background-type":"","background-media":"","overlay-type":"","overlay-color":"","overlay-gradient":""},"mobile":{"background-color":"var(--ast-global-color-5)","background-image":"","background-repeat":"repeat","background-position":"center center","background-size":"auto","background-attachment":"scroll","background-type":"","background-media":"","overlay-type":"","overlay-color":"","overlay-gradient":""}},"footnotes":""},"class_list":["post-271","page","type-page","status-publish","has-post-thumbnail","hentry"],"_links":{"self":[{"href":"https:\/\/www.dehaderi.com\/web\/wp-json\/wp\/v2\/pages\/271","targetHints":{"allow":["GET"]}}],"collection":[{"href":"https:\/\/www.dehaderi.com\/web\/wp-json\/wp\/v2\/pages"}],"about":[{"href":"https:\/\/www.dehaderi.com\/web\/wp-json\/wp\/v2\/types\/page"}],"author":[{"embeddable":true,"href":"https:\/\/www.dehaderi.com\/web\/wp-json\/wp\/v2\/users\/1"}],"replies":[{"embeddable":true,"href":"https:\/\/www.dehaderi.com\/web\/wp-json\/wp\/v2\/comments?post=271"}],"version-history":[{"count":9,"href":"https:\/\/www.dehaderi.com\/web\/wp-json\/wp\/v2\/pages\/271\/revisions"}],"predecessor-version":[{"id":1001,"href":"https:\/\/www.dehaderi.com\/web\/wp-json\/wp\/v2\/pages\/271\/revisions\/1001"}],"up":[{"embeddable":true,"href":"https:\/\/www.dehaderi.com\/web\/wp-json\/wp\/v2\/pages\/34"}],"wp:featuredmedia":[{"embeddable":true,"href":"https:\/\/www.dehaderi.com\/web\/wp-json\/wp\/v2\/media\/755"}],"wp:attachment":[{"href":"https:\/\/www.dehaderi.com\/web\/wp-json\/wp\/v2\/media?parent=271"}],"curies":[{"name":"wp","href":"https:\/\/api.w.org\/{rel}","templated":true}]}}