{"id":138,"date":"2019-09-04T15:15:35","date_gmt":"2019-09-04T12:15:35","guid":{"rendered":"https:\/\/www.dehaderi.com\/web\/?page_id=138"},"modified":"2022-12-16T23:11:51","modified_gmt":"2022-12-16T20:11:51","slug":"suni-deri-temizleme-teknikleri","status":"publish","type":"page","link":"https:\/\/www.dehaderi.com\/web\/faydali-bilgiler\/suni-deri-temizleme-teknikleri\/","title":{"rendered":"Suni Deri Temizli\u011fi"},"content":{"rendered":"<figure class=\"wp-block-post-featured-image\"><img loading=\"lazy\" decoding=\"async\" width=\"1920\" height=\"400\" src=\"https:\/\/www.dehaderi.com\/web\/wp-content\/uploads\/2022\/12\/ic-bn-trans.png\" class=\"attachment-post-thumbnail size-post-thumbnail wp-post-image\" alt=\"\" style=\"object-fit:cover;\" srcset=\"https:\/\/www.dehaderi.com\/web\/wp-content\/uploads\/2022\/12\/ic-bn-trans.png 1920w, https:\/\/www.dehaderi.com\/web\/wp-content\/uploads\/2022\/12\/ic-bn-trans-300x63.png 300w, https:\/\/www.dehaderi.com\/web\/wp-content\/uploads\/2022\/12\/ic-bn-trans-1024x213.png 1024w, https:\/\/www.dehaderi.com\/web\/wp-content\/uploads\/2022\/12\/ic-bn-trans-768x160.png 768w, https:\/\/www.dehaderi.com\/web\/wp-content\/uploads\/2022\/12\/ic-bn-trans-1536x320.png 1536w, https:\/\/www.dehaderi.com\/web\/wp-content\/uploads\/2022\/12\/ic-bn-trans-18x4.png 18w\" sizes=\"auto, (max-width: 1920px) 100vw, 1920px\" \/><\/figure>\n\n\n<p>Suni deriden imal edilmi\u015f \u00fcr\u00fcnlerin temizli\u011finde a\u015fa\u011f\u0131daki hususlara dikkat edilmesi \u00fcr\u00fcn\u00fcn daha uzun s\u00fcre kullan\u0131labilmesi a\u00e7\u0131s\u0131ndan fayda sa\u011flayacakt\u0131r:<\/p>\n\n\n\n<ul class=\"wp-block-list\">\n<li>Emici bir bez par\u00e7as\u0131 ile suni deri \u00fczerindeki s\u0131v\u0131y\u0131 tamamen kurulay\u0131n.<\/li>\n\n\n\n<li>Yumu\u015fak bir bez par\u00e7as\u0131n\u0131 su ile hafif\u00e7e nemlendirin ve lekeyi hafif\u00e7e temizleyin.<\/li>\n\n\n\n<li>Suni deriyi kurumaya b\u0131rak\u0131n ve kuruduktan sonra kalan lekeyi hafif\u00e7e siliniz.<\/li>\n\n\n\n<li>Kesinlikle deterjan, alkol i\u00e7eren ve solvent i\u00e7eren temizleyiciler kullanmay\u0131n\u0131z.<\/li>\n<\/ul>\n","protected":false},"excerpt":{"rendered":"<p>Suni deriden imal edilmi\u015f \u00fcr\u00fcnlerin temizli\u011finde a\u015fa\u011f\u0131daki hususlara dikkat edilmesi \u00fcr\u00fcn\u00fcn daha uzun s\u00fcre kullan\u0131labilmesi a\u00e7\u0131s\u0131ndan fayda sa\u011flayacakt\u0131r:<\/p>\n","protected":false},"author":1,"featured_media":755,"parent":126,"menu_order":77,"comment_status":"closed","ping_status":"closed","template":"","meta":{"site-sidebar-layout":"default","site-content-layout":"","ast-site-content-layout":"","site-content-style":"default","site-sidebar-style":"default","ast-global-header-display":"","ast-banner-title-visibility":"","ast-main-header-display":"","ast-hfb-above-header-display":"","ast-hfb-below-header-display":"","ast-hfb-mobile-header-display":"","site-post-title":"","ast-breadcrumbs-content":"","ast-featured-img":"disabled","footer-sml-layout":"","theme-transparent-header-meta":"","adv-header-id-meta":"","stick-header-meta":"","header-above-stick-meta":"","header-main-stick-meta":"","header-below-stick-meta":"","astra-migrate-meta-layouts":"default","ast-page-background-enabled":"default","ast-page-background-meta":{"desktop":{"background-color":"var(--ast-global-color-4)","background-image":"","background-repeat":"repeat","background-position":"center center","background-size":"auto","background-attachment":"scroll","background-type":"","background-media":"","overlay-type":"","overlay-color":"","overlay-gradient":""},"tablet":{"background-color":"","background-image":"","background-repeat":"repeat","background-position":"center center","background-size":"auto","background-attachment":"scroll","background-type":"","background-media":"","overlay-type":"","overlay-color":"","overlay-gradient":""},"mobile":{"background-color":"","background-image":"","background-repeat":"repeat","background-position":"center center","background-size":"auto","background-attachment":"scroll","background-type":"","background-media":"","overlay-type":"","overlay-color":"","overlay-gradient":""}},"ast-content-background-meta":{"desktop":{"background-color":"var(--ast-global-color-5)","background-image":"","background-repeat":"repeat","background-position":"center center","background-size":"auto","background-attachment":"scroll","background-type":"","background-media":"","overlay-type":"","overlay-color":"","overlay-gradient":""},"tablet":{"background-color":"var(--ast-global-color-5)","background-image":"","background-repeat":"repeat","background-position":"center center","background-size":"auto","background-attachment":"scroll","background-type":"","background-media":"","overlay-type":"","overlay-color":"","overlay-gradient":""},"mobile":{"background-color":"var(--ast-global-color-5)","background-image":"","background-repeat":"repeat","background-position":"center center","background-size":"auto","background-attachment":"scroll","background-type":"","background-media":"","overlay-type":"","overlay-color":"","overlay-gradient":""}},"footnotes":""},"class_list":["post-138","page","type-page","status-publish","has-post-thumbnail","hentry"],"_links":{"self":[{"href":"https:\/\/www.dehaderi.com\/web\/wp-json\/wp\/v2\/pages\/138","targetHints":{"allow":["GET"]}}],"collection":[{"href":"https:\/\/www.dehaderi.com\/web\/wp-json\/wp\/v2\/pages"}],"about":[{"href":"https:\/\/www.dehaderi.com\/web\/wp-json\/wp\/v2\/types\/page"}],"author":[{"embeddable":true,"href":"https:\/\/www.dehaderi.com\/web\/wp-json\/wp\/v2\/users\/1"}],"replies":[{"embeddable":true,"href":"https:\/\/www.dehaderi.com\/web\/wp-json\/wp\/v2\/comments?post=138"}],"version-history":[{"count":4,"href":"https:\/\/www.dehaderi.com\/web\/wp-json\/wp\/v2\/pages\/138\/revisions"}],"predecessor-version":[{"id":952,"href":"https:\/\/www.dehaderi.com\/web\/wp-json\/wp\/v2\/pages\/138\/revisions\/952"}],"up":[{"embeddable":true,"href":"https:\/\/www.dehaderi.com\/web\/wp-json\/wp\/v2\/pages\/126"}],"wp:featuredmedia":[{"embeddable":true,"href":"https:\/\/www.dehaderi.com\/web\/wp-json\/wp\/v2\/media\/755"}],"wp:attachment":[{"href":"https:\/\/www.dehaderi.com\/web\/wp-json\/wp\/v2\/media?parent=138"}],"curies":[{"name":"wp","href":"https:\/\/api.w.org\/{rel}","templated":true}]}}