{"id":135,"date":"2022-11-25T15:13:25","date_gmt":"2022-11-25T12:13:25","guid":{"rendered":"https:\/\/www.dehaderi.com\/web\/?page_id=135"},"modified":"2022-12-16T23:10:21","modified_gmt":"2022-12-16T20:10:21","slug":"suni-deri-kullanirken-dikkat-edilecekler","status":"publish","type":"page","link":"https:\/\/www.dehaderi.com\/web\/faydali-bilgiler\/suni-deri-kullanirken-dikkat-edilecekler\/","title":{"rendered":"Suni Deri Kullan\u0131rken Dikkat Edilecekler"},"content":{"rendered":"<figure class=\"wp-block-post-featured-image\"><img loading=\"lazy\" decoding=\"async\" width=\"1920\" height=\"400\" src=\"https:\/\/www.dehaderi.com\/web\/wp-content\/uploads\/2022\/12\/ic-bn-trans.png\" class=\"attachment-post-thumbnail size-post-thumbnail wp-post-image\" alt=\"\" style=\"object-fit:cover;\" srcset=\"https:\/\/www.dehaderi.com\/web\/wp-content\/uploads\/2022\/12\/ic-bn-trans.png 1920w, https:\/\/www.dehaderi.com\/web\/wp-content\/uploads\/2022\/12\/ic-bn-trans-300x63.png 300w, https:\/\/www.dehaderi.com\/web\/wp-content\/uploads\/2022\/12\/ic-bn-trans-1024x213.png 1024w, https:\/\/www.dehaderi.com\/web\/wp-content\/uploads\/2022\/12\/ic-bn-trans-768x160.png 768w, https:\/\/www.dehaderi.com\/web\/wp-content\/uploads\/2022\/12\/ic-bn-trans-1536x320.png 1536w, https:\/\/www.dehaderi.com\/web\/wp-content\/uploads\/2022\/12\/ic-bn-trans-18x4.png 18w\" sizes=\"auto, (max-width: 1920px) 100vw, 1920px\" \/><\/figure>\n\n\n<p>Suni deriden imal \u00fcr\u00fcnleri kullan\u0131rken \u015fu hususlara \u00f6zellikle dikkat etmeliyiz:<\/p>\n\n\n\n<ul class=\"wp-block-list\">\n<li>Suni deri \u00fczerine kesinlikle solvent ve alkol benzeri kimyasallar uygulamay\u0131n\u0131z.<\/li>\n\n\n\n<li>Kesinlikle deterjan ve \u00e7ama\u015f\u0131r suyu kullanmay\u0131n\u0131z.<\/li>\n\n\n\n<li>\u00dcr\u00fcne delici, kesici maddeler temas ettirmeyiniz.<\/li>\n\n\n\n<li>\u00dcr\u00fcn\u00fcn \u00fczerine s\u0131cak malzemeler koymay\u0131n\u0131z. (\u00dct\u00fc, \u00e7aydanl\u0131k, vb.)<\/li>\n\n\n\n<li>\u00dcr\u00fcn\u00fc \u0131s\u0131 kayna\u011f\u0131 yan\u0131na koymay\u0131n\u0131z ve en az\u0131ndan 1 metre uzakta tutunuz.<\/li>\n\n\n\n<li>Tozlu, nemli ve direkt g\u00fcne\u015f \u0131\u015f\u0131\u011f\u0131 olan ortamlardan uzak tutunuz.<\/li>\n<\/ul>\n","protected":false},"excerpt":{"rendered":"<p>Suni deriden imal \u00fcr\u00fcnleri kullan\u0131rken \u015fu hususlara \u00f6zellikle dikkat etmeliyiz:<\/p>\n","protected":false},"author":1,"featured_media":755,"parent":126,"menu_order":45,"comment_status":"closed","ping_status":"closed","template":"","meta":{"site-sidebar-layout":"default","site-content-layout":"","ast-site-content-layout":"","site-content-style":"default","site-sidebar-style":"default","ast-global-header-display":"","ast-banner-title-visibility":"","ast-main-header-display":"","ast-hfb-above-header-display":"","ast-hfb-below-header-display":"","ast-hfb-mobile-header-display":"","site-post-title":"","ast-breadcrumbs-content":"","ast-featured-img":"disabled","footer-sml-layout":"","theme-transparent-header-meta":"","adv-header-id-meta":"","stick-header-meta":"","header-above-stick-meta":"","header-main-stick-meta":"","header-below-stick-meta":"","astra-migrate-meta-layouts":"default","ast-page-background-enabled":"default","ast-page-background-meta":{"desktop":{"background-color":"var(--ast-global-color-4)","background-image":"","background-repeat":"repeat","background-position":"center center","background-size":"auto","background-attachment":"scroll","background-type":"","background-media":"","overlay-type":"","overlay-color":"","overlay-gradient":""},"tablet":{"background-color":"","background-image":"","background-repeat":"repeat","background-position":"center center","background-size":"auto","background-attachment":"scroll","background-type":"","background-media":"","overlay-type":"","overlay-color":"","overlay-gradient":""},"mobile":{"background-color":"","background-image":"","background-repeat":"repeat","background-position":"center center","background-size":"auto","background-attachment":"scroll","background-type":"","background-media":"","overlay-type":"","overlay-color":"","overlay-gradient":""}},"ast-content-background-meta":{"desktop":{"background-color":"var(--ast-global-color-5)","background-image":"","background-repeat":"repeat","background-position":"center center","background-size":"auto","background-attachment":"scroll","background-type":"","background-media":"","overlay-type":"","overlay-color":"","overlay-gradient":""},"tablet":{"background-color":"var(--ast-global-color-5)","background-image":"","background-repeat":"repeat","background-position":"center center","background-size":"auto","background-attachment":"scroll","background-type":"","background-media":"","overlay-type":"","overlay-color":"","overlay-gradient":""},"mobile":{"background-color":"var(--ast-global-color-5)","background-image":"","background-repeat":"repeat","background-position":"center center","background-size":"auto","background-attachment":"scroll","background-type":"","background-media":"","overlay-type":"","overlay-color":"","overlay-gradient":""}},"footnotes":""},"class_list":["post-135","page","type-page","status-publish","has-post-thumbnail","hentry"],"_links":{"self":[{"href":"https:\/\/www.dehaderi.com\/web\/wp-json\/wp\/v2\/pages\/135","targetHints":{"allow":["GET"]}}],"collection":[{"href":"https:\/\/www.dehaderi.com\/web\/wp-json\/wp\/v2\/pages"}],"about":[{"href":"https:\/\/www.dehaderi.com\/web\/wp-json\/wp\/v2\/types\/page"}],"author":[{"embeddable":true,"href":"https:\/\/www.dehaderi.com\/web\/wp-json\/wp\/v2\/users\/1"}],"replies":[{"embeddable":true,"href":"https:\/\/www.dehaderi.com\/web\/wp-json\/wp\/v2\/comments?post=135"}],"version-history":[{"count":5,"href":"https:\/\/www.dehaderi.com\/web\/wp-json\/wp\/v2\/pages\/135\/revisions"}],"predecessor-version":[{"id":950,"href":"https:\/\/www.dehaderi.com\/web\/wp-json\/wp\/v2\/pages\/135\/revisions\/950"}],"up":[{"embeddable":true,"href":"https:\/\/www.dehaderi.com\/web\/wp-json\/wp\/v2\/pages\/126"}],"wp:featuredmedia":[{"embeddable":true,"href":"https:\/\/www.dehaderi.com\/web\/wp-json\/wp\/v2\/media\/755"}],"wp:attachment":[{"href":"https:\/\/www.dehaderi.com\/web\/wp-json\/wp\/v2\/media?parent=135"}],"curies":[{"name":"wp","href":"https:\/\/api.w.org\/{rel}","templated":true}]}}