{"id":130,"date":"2022-11-25T15:01:04","date_gmt":"2022-11-25T12:01:04","guid":{"rendered":"https:\/\/www.dehaderi.com\/web\/?page_id=130"},"modified":"2022-12-16T23:13:46","modified_gmt":"2022-12-16T20:13:46","slug":"suni-deri-gercek-deri","status":"publish","type":"page","link":"https:\/\/www.dehaderi.com\/web\/faydali-bilgiler\/suni-deri-gercek-deri\/","title":{"rendered":"Suni Deri &#8211; Ger\u00e7ek Deri K\u0131yas"},"content":{"rendered":"<figure class=\"wp-block-post-featured-image\"><img loading=\"lazy\" decoding=\"async\" width=\"1920\" height=\"400\" src=\"https:\/\/www.dehaderi.com\/web\/wp-content\/uploads\/2022\/12\/ic-bn-trans.png\" class=\"attachment-post-thumbnail size-post-thumbnail wp-post-image\" alt=\"\" style=\"object-fit:cover;\" srcset=\"https:\/\/www.dehaderi.com\/web\/wp-content\/uploads\/2022\/12\/ic-bn-trans.png 1920w, https:\/\/www.dehaderi.com\/web\/wp-content\/uploads\/2022\/12\/ic-bn-trans-300x63.png 300w, https:\/\/www.dehaderi.com\/web\/wp-content\/uploads\/2022\/12\/ic-bn-trans-1024x213.png 1024w, https:\/\/www.dehaderi.com\/web\/wp-content\/uploads\/2022\/12\/ic-bn-trans-768x160.png 768w, https:\/\/www.dehaderi.com\/web\/wp-content\/uploads\/2022\/12\/ic-bn-trans-1536x320.png 1536w, https:\/\/www.dehaderi.com\/web\/wp-content\/uploads\/2022\/12\/ic-bn-trans-18x4.png 18w\" sizes=\"auto, (max-width: 1920px) 100vw, 1920px\" \/><\/figure>\n\n\n<p>Suni derinin ger\u00e7ek deriyle k\u0131yasland\u0131\u011f\u0131nda birbirinden farkl\u0131 ve fazla say\u0131da avantaj\u0131 bulunmaktad\u0131r.<\/p>\n\n\n\n<!--more-->\n\n\n\n<p>Bunlar; tutumluluk, dayan\u0131kl\u0131l\u0131k, bak\u0131m kolayl\u0131\u011f\u0131, ger\u00e7e\u011fine uygun kalite seviyesi, d\u0131\u015f g\u00f6r\u00fcn\u00fc\u015fteki kal\u0131c\u0131l\u0131k, moda \u00f6nc\u00fcs\u00fc yakla\u015f\u0131m, \u00fczerinde \u00e7al\u0131\u015fma kolayl\u0131\u011f\u0131 olarak maddelenebilir.<\/p>\n\n\n\n<ul class=\"wp-block-list\">\n<li><strong>Tutumluluk :<\/strong> Suni deri, ger\u00e7ek deriye g\u00f6re b\u00fct\u00e7eye \u00e7ok daha uygun bir \u00fcr\u00fcnd\u00fcr.<\/li>\n\n\n\n<li><strong>Dayan\u0131kl\u0131l\u0131k :<\/strong> Suni deri, uzun s\u00fcreli dayan\u0131kl\u0131l\u0131\u011f\u0131 olan bir \u00fcr\u00fcnd\u00fcr. Ger\u00e7ek deriyi mahvedebilecek \u00e7izik ve s\u0131yr\u0131klara kar\u015f\u0131 diren\u00e7lidir. Deri gibi k\u0131r\u0131lma ve soyulmaya yatk\u0131n de\u011fildir. UV \u0131\u015f\u0131nlar\u0131 kar\u015f\u0131s\u0131nda kolayca solmaz ve lekelenmeye kar\u015f\u0131 dayan\u0131kl\u0131d\u0131r.<\/li>\n\n\n\n<li><strong>Az Bak\u0131ml\u0131 :<\/strong> Suni deri materyalleri bir bez par\u00e7as\u0131 ve s\u0131cak suyla kolayca silinebilir. Ger\u00e7ek derinin aksine nem tutmaz. Bu nedenle suni deri materyalleri e\u011fri b\u00fc\u011fr\u00fc olmaz ya da \u00e7atlamazlar. Baz\u0131 yeni suni deri teknolojileri sayesinde art\u0131k m\u00fcrekkep, yemek ve s\u0131v\u0131 lekesi de kuru bir bez yard\u0131m\u0131yla dert olmaktan \u00e7\u0131km\u0131\u015ft\u0131r.<\/li>\n\n\n\n<li><strong>Ger\u00e7e\u011fine Uygun Kalite :<\/strong> Suni deri, ger\u00e7ek deri kalitesi ve g\u00f6rsel benzerli\u011fine ula\u015fmak i\u00e7in t\u00fcrl\u00fc tanecik, renk ve desenlerle modifiye edilmi\u015f ve geli\u015ftirilmi\u015ftir.<\/li>\n\n\n\n<li><strong>Kal\u0131c\u0131 D\u0131\u015f G\u00f6r\u00fcn\u00fc\u015f :<\/strong> Suni deri, i\u00e7eri\u011findeki b\u00fct\u00fcn \u00f6geler ayn\u0131 stok \u00fczerinden geldi\u011fi i\u00e7in muntazam bir g\u00f6r\u00fcn\u00fcme sahiptir.<\/li>\n\n\n\n<li><strong>Moda :<\/strong> Suni derinin \u00fczerine, \u00e7ok \u00e7e\u015fitli desen ve \u015fablonlar uygulanabilmektedir. Buna ek olarak suni deri, sentetik bir \u00fcr\u00fcn oldu\u011fu i\u00e7in g\u00f6kku\u015fa\u011f\u0131n\u0131n b\u00fct\u00fcn renklerine boyanabilir. Suni derinin bu moda \u00f6nc\u00fcs\u00fc yakla\u015f\u0131m\u0131yla ev ve ma\u011faza dekorasyonlar\u0131nda kullan\u0131c\u0131ya b\u00fcy\u00fck bir \u00f6zg\u00fcrl\u00fck sa\u011flamaktad\u0131r.<\/li>\n\n\n\n<li><strong>\u00dczerinde \u00c7al\u0131\u015fmas\u0131 Kolay :<\/strong> Suni deri ger\u00e7ek deriye g\u00f6re \u00e7ok daha kolay kesilip dikilebilir. Ayr\u0131ca, i\u011fnelerin b\u0131rakt\u0131\u011f\u0131 izler g\u00f6ze \u00e7ok batmaz. Ge\u00e7irilen iplikler de materyal \u00fczerinde k\u00f6t\u00fc bir g\u00f6r\u00fcnt\u00fc b\u0131rakmaz.<\/li>\n<\/ul>\n","protected":false},"excerpt":{"rendered":"<p>Suni derinin ger\u00e7ek deriyle k\u0131yasland\u0131\u011f\u0131nda birbirinden farkl\u0131 ve fazla say\u0131da avantaj\u0131 bulunmaktad\u0131r.<\/p>\n","protected":false},"author":1,"featured_media":755,"parent":126,"menu_order":100,"comment_status":"closed","ping_status":"closed","template":"","meta":{"site-sidebar-layout":"default","site-content-layout":"","ast-site-content-layout":"","site-content-style":"default","site-sidebar-style":"default","ast-global-header-display":"","ast-banner-title-visibility":"","ast-main-header-display":"","ast-hfb-above-header-display":"","ast-hfb-below-header-display":"","ast-hfb-mobile-header-display":"","site-post-title":"","ast-breadcrumbs-content":"","ast-featured-img":"disabled","footer-sml-layout":"","theme-transparent-header-meta":"","adv-header-id-meta":"","stick-header-meta":"","header-above-stick-meta":"","header-main-stick-meta":"","header-below-stick-meta":"","astra-migrate-meta-layouts":"default","ast-page-background-enabled":"default","ast-page-background-meta":{"desktop":{"background-color":"var(--ast-global-color-4)","background-image":"","background-repeat":"repeat","background-position":"center center","background-size":"auto","background-attachment":"scroll","background-type":"","background-media":"","overlay-type":"","overlay-color":"","overlay-gradient":""},"tablet":{"background-color":"","background-image":"","background-repeat":"repeat","background-position":"center center","background-size":"auto","background-attachment":"scroll","background-type":"","background-media":"","overlay-type":"","overlay-color":"","overlay-gradient":""},"mobile":{"background-color":"","background-image":"","background-repeat":"repeat","background-position":"center center","background-size":"auto","background-attachment":"scroll","background-type":"","background-media":"","overlay-type":"","overlay-color":"","overlay-gradient":""}},"ast-content-background-meta":{"desktop":{"background-color":"var(--ast-global-color-5)","background-image":"","background-repeat":"repeat","background-position":"center center","background-size":"auto","background-attachment":"scroll","background-type":"","background-media":"","overlay-type":"","overlay-color":"","overlay-gradient":""},"tablet":{"background-color":"var(--ast-global-color-5)","background-image":"","background-repeat":"repeat","background-position":"center center","background-size":"auto","background-attachment":"scroll","background-type":"","background-media":"","overlay-type":"","overlay-color":"","overlay-gradient":""},"mobile":{"background-color":"var(--ast-global-color-5)","background-image":"","background-repeat":"repeat","background-position":"center center","background-size":"auto","background-attachment":"scroll","background-type":"","background-media":"","overlay-type":"","overlay-color":"","overlay-gradient":""}},"footnotes":""},"class_list":["post-130","page","type-page","status-publish","has-post-thumbnail","hentry"],"_links":{"self":[{"href":"https:\/\/www.dehaderi.com\/web\/wp-json\/wp\/v2\/pages\/130","targetHints":{"allow":["GET"]}}],"collection":[{"href":"https:\/\/www.dehaderi.com\/web\/wp-json\/wp\/v2\/pages"}],"about":[{"href":"https:\/\/www.dehaderi.com\/web\/wp-json\/wp\/v2\/types\/page"}],"author":[{"embeddable":true,"href":"https:\/\/www.dehaderi.com\/web\/wp-json\/wp\/v2\/users\/1"}],"replies":[{"embeddable":true,"href":"https:\/\/www.dehaderi.com\/web\/wp-json\/wp\/v2\/comments?post=130"}],"version-history":[{"count":7,"href":"https:\/\/www.dehaderi.com\/web\/wp-json\/wp\/v2\/pages\/130\/revisions"}],"predecessor-version":[{"id":954,"href":"https:\/\/www.dehaderi.com\/web\/wp-json\/wp\/v2\/pages\/130\/revisions\/954"}],"up":[{"embeddable":true,"href":"https:\/\/www.dehaderi.com\/web\/wp-json\/wp\/v2\/pages\/126"}],"wp:featuredmedia":[{"embeddable":true,"href":"https:\/\/www.dehaderi.com\/web\/wp-json\/wp\/v2\/media\/755"}],"wp:attachment":[{"href":"https:\/\/www.dehaderi.com\/web\/wp-json\/wp\/v2\/media?parent=130"}],"curies":[{"name":"wp","href":"https:\/\/api.w.org\/{rel}","templated":true}]}}