{"id":126,"date":"2022-11-25T14:48:47","date_gmt":"2022-11-25T11:48:47","guid":{"rendered":"https:\/\/www.dehaderi.com\/web\/?page_id=126"},"modified":"2022-12-18T14:36:06","modified_gmt":"2022-12-18T11:36:06","slug":"faydali-bilgiler","status":"publish","type":"page","link":"https:\/\/www.dehaderi.com\/web\/faydali-bilgiler\/","title":{"rendered":"Faydal\u0131 Bilgiler"},"content":{"rendered":"<figure class=\"wp-block-post-featured-image\"><img loading=\"lazy\" decoding=\"async\" width=\"1920\" height=\"400\" src=\"https:\/\/www.dehaderi.com\/web\/wp-content\/uploads\/2022\/12\/ic-bn-trans.png\" class=\"attachment-post-thumbnail size-post-thumbnail wp-post-image\" alt=\"\" style=\"object-fit:cover;\" srcset=\"https:\/\/www.dehaderi.com\/web\/wp-content\/uploads\/2022\/12\/ic-bn-trans.png 1920w, https:\/\/www.dehaderi.com\/web\/wp-content\/uploads\/2022\/12\/ic-bn-trans-300x63.png 300w, https:\/\/www.dehaderi.com\/web\/wp-content\/uploads\/2022\/12\/ic-bn-trans-1024x213.png 1024w, https:\/\/www.dehaderi.com\/web\/wp-content\/uploads\/2022\/12\/ic-bn-trans-768x160.png 768w, https:\/\/www.dehaderi.com\/web\/wp-content\/uploads\/2022\/12\/ic-bn-trans-1536x320.png 1536w, https:\/\/www.dehaderi.com\/web\/wp-content\/uploads\/2022\/12\/ic-bn-trans-18x4.png 18w\" sizes=\"auto, (max-width: 1920px) 100vw, 1920px\" \/><\/figure>\n\n\n<div style=\"height:60px\" aria-hidden=\"true\" class=\"wp-block-spacer\"><\/div>\n\n\n\n<div class=\"wp-block-query is-layout-flow wp-block-query-is-layout-flow\"><ul class=\"is-flex-container columns-3 wp-block-post-template is-layout-flow wp-block-post-template-is-layout-flow\"><li class=\"wp-block-post post-135 page type-page status-publish has-post-thumbnail hentry\">\n\n<div class=\"wp-block-group has-ast-global-color-7-background-color has-background is-layout-flow wp-block-group-is-layout-flow\" style=\"border-radius:9px;padding-top:30px;padding-right:30px;padding-bottom:30px;padding-left:30px\"><h4 class=\"wp-block-post-title\"><a href=\"https:\/\/www.dehaderi.com\/web\/faydali-bilgiler\/suni-deri-kullanirken-dikkat-edilecekler\/\" target=\"_self\" >Suni Deri Kullan\u0131rken Dikkat Edilecekler<\/a><\/h4>\n\n<div class=\"wp-block-post-excerpt\"><p class=\"wp-block-post-excerpt__excerpt\">Suni deriden imal \u00fcr\u00fcnleri kullan\u0131rken \u015fu hususlara \u00f6zellikle dikkat etmeliyiz:<\/p><p class=\"wp-block-post-excerpt__more-text\"><a class=\"wp-block-post-excerpt__more-link\" href=\"https:\/\/www.dehaderi.com\/web\/faydali-bilgiler\/suni-deri-kullanirken-dikkat-edilecekler\/\">Devam\u0131 \u00bb<\/a><\/p><\/div><\/div>\n\n<\/li><li class=\"wp-block-post post-130 page type-page status-publish has-post-thumbnail hentry\">\n\n<div class=\"wp-block-group has-ast-global-color-7-background-color has-background is-layout-flow wp-block-group-is-layout-flow\" style=\"border-radius:9px;padding-top:30px;padding-right:30px;padding-bottom:30px;padding-left:30px\"><h4 class=\"wp-block-post-title\"><a href=\"https:\/\/www.dehaderi.com\/web\/faydali-bilgiler\/suni-deri-gercek-deri\/\" target=\"_self\" >Suni Deri &#8211; Ger\u00e7ek Deri K\u0131yas<\/a><\/h4>\n\n<div class=\"wp-block-post-excerpt\"><p class=\"wp-block-post-excerpt__excerpt\">Suni derinin ger\u00e7ek deriyle k\u0131yasland\u0131\u011f\u0131nda birbirinden farkl\u0131 ve fazla say\u0131da avantaj\u0131 bulunmaktad\u0131r.<\/p><p class=\"wp-block-post-excerpt__more-text\"><a class=\"wp-block-post-excerpt__more-link\" href=\"https:\/\/www.dehaderi.com\/web\/faydali-bilgiler\/suni-deri-gercek-deri\/\">Devam\u0131 \u00bb<\/a><\/p><\/div><\/div>\n\n<\/li><li class=\"wp-block-post post-123 page type-page status-publish has-post-thumbnail hentry\">\n\n<div class=\"wp-block-group has-ast-global-color-7-background-color has-background is-layout-flow wp-block-group-is-layout-flow\" style=\"border-radius:9px;padding-top:30px;padding-right:30px;padding-bottom:30px;padding-left:30px\"><h4 class=\"wp-block-post-title\"><a href=\"https:\/\/www.dehaderi.com\/web\/faydali-bilgiler\/suni-derinin-avantajlari\/\" target=\"_self\" >Suni Derinin Avantajlar\u0131<\/a><\/h4>\n\n<div class=\"wp-block-post-excerpt\"><p class=\"wp-block-post-excerpt__excerpt\">Suni deri g\u00fcn\u00fcm\u00fczde bir \u00e7ok tekstil \u00fcr\u00fcn \u00fczerinde ger\u00e7ek deri yerine kullan\u0131lmaktad\u0131r.<\/p><p class=\"wp-block-post-excerpt__more-text\"><a class=\"wp-block-post-excerpt__more-link\" href=\"https:\/\/www.dehaderi.com\/web\/faydali-bilgiler\/suni-derinin-avantajlari\/\">Devam\u0131 \u00bb<\/a><\/p><\/div><\/div>\n\n<\/li><li class=\"wp-block-post post-138 page type-page status-publish has-post-thumbnail hentry\">\n\n<div class=\"wp-block-group has-ast-global-color-7-background-color has-background is-layout-flow wp-block-group-is-layout-flow\" style=\"border-radius:9px;padding-top:30px;padding-right:30px;padding-bottom:30px;padding-left:30px\"><h4 class=\"wp-block-post-title\"><a href=\"https:\/\/www.dehaderi.com\/web\/faydali-bilgiler\/suni-deri-temizleme-teknikleri\/\" target=\"_self\" >Suni Deri Temizli\u011fi<\/a><\/h4>\n\n<div class=\"wp-block-post-excerpt\"><p class=\"wp-block-post-excerpt__excerpt\">Suni deriden imal edilmi\u015f \u00fcr\u00fcnlerin temizli\u011finde a\u015fa\u011f\u0131daki hususlara dikkat edilmesi \u00fcr\u00fcn\u00fcn daha uzun s\u00fcre kullan\u0131labilmesi a\u00e7\u0131s\u0131ndan fayda sa\u011flayacakt\u0131r:<\/p><p class=\"wp-block-post-excerpt__more-text\"><a class=\"wp-block-post-excerpt__more-link\" href=\"https:\/\/www.dehaderi.com\/web\/faydali-bilgiler\/suni-deri-temizleme-teknikleri\/\">Devam\u0131 \u00bb<\/a><\/p><\/div><\/div>\n\n<\/li><\/ul><\/div>\n","protected":false},"excerpt":{"rendered":"","protected":false},"author":1,"featured_media":755,"parent":0,"menu_order":6,"comment_status":"closed","ping_status":"closed","template":"","meta":{"site-sidebar-layout":"default","site-content-layout":"","ast-site-content-layout":"","site-content-style":"default","site-sidebar-style":"default","ast-global-header-display":"","ast-banner-title-visibility":"","ast-main-header-display":"","ast-hfb-above-header-display":"","ast-hfb-below-header-display":"","ast-hfb-mobile-header-display":"","site-post-title":"","ast-breadcrumbs-content":"","ast-featured-img":"disabled","footer-sml-layout":"","theme-transparent-header-meta":"","adv-header-id-meta":"","stick-header-meta":"","header-above-stick-meta":"","header-main-stick-meta":"","header-below-stick-meta":"","astra-migrate-meta-layouts":"default","ast-page-background-enabled":"default","ast-page-background-meta":{"desktop":{"background-color":"var(--ast-global-color-4)","background-image":"","background-repeat":"repeat","background-position":"center center","background-size":"auto","background-attachment":"scroll","background-type":"","background-media":"","overlay-type":"","overlay-color":"","overlay-gradient":""},"tablet":{"background-color":"","background-image":"","background-repeat":"repeat","background-position":"center center","background-size":"auto","background-attachment":"scroll","background-type":"","background-media":"","overlay-type":"","overlay-color":"","overlay-gradient":""},"mobile":{"background-color":"","background-image":"","background-repeat":"repeat","background-position":"center center","background-size":"auto","background-attachment":"scroll","background-type":"","background-media":"","overlay-type":"","overlay-color":"","overlay-gradient":""}},"ast-content-background-meta":{"desktop":{"background-color":"var(--ast-global-color-5)","background-image":"","background-repeat":"repeat","background-position":"center center","background-size":"auto","background-attachment":"scroll","background-type":"","background-media":"","overlay-type":"","overlay-color":"","overlay-gradient":""},"tablet":{"background-color":"var(--ast-global-color-5)","background-image":"","background-repeat":"repeat","background-position":"center center","background-size":"auto","background-attachment":"scroll","background-type":"","background-media":"","overlay-type":"","overlay-color":"","overlay-gradient":""},"mobile":{"background-color":"var(--ast-global-color-5)","background-image":"","background-repeat":"repeat","background-position":"center center","background-size":"auto","background-attachment":"scroll","background-type":"","background-media":"","overlay-type":"","overlay-color":"","overlay-gradient":""}},"footnotes":""},"class_list":["post-126","page","type-page","status-publish","has-post-thumbnail","hentry"],"_links":{"self":[{"href":"https:\/\/www.dehaderi.com\/web\/wp-json\/wp\/v2\/pages\/126","targetHints":{"allow":["GET"]}}],"collection":[{"href":"https:\/\/www.dehaderi.com\/web\/wp-json\/wp\/v2\/pages"}],"about":[{"href":"https:\/\/www.dehaderi.com\/web\/wp-json\/wp\/v2\/types\/page"}],"author":[{"embeddable":true,"href":"https:\/\/www.dehaderi.com\/web\/wp-json\/wp\/v2\/users\/1"}],"replies":[{"embeddable":true,"href":"https:\/\/www.dehaderi.com\/web\/wp-json\/wp\/v2\/comments?post=126"}],"version-history":[{"count":29,"href":"https:\/\/www.dehaderi.com\/web\/wp-json\/wp\/v2\/pages\/126\/revisions"}],"predecessor-version":[{"id":960,"href":"https:\/\/www.dehaderi.com\/web\/wp-json\/wp\/v2\/pages\/126\/revisions\/960"}],"wp:featuredmedia":[{"embeddable":true,"href":"https:\/\/www.dehaderi.com\/web\/wp-json\/wp\/v2\/media\/755"}],"wp:attachment":[{"href":"https:\/\/www.dehaderi.com\/web\/wp-json\/wp\/v2\/media?parent=126"}],"curies":[{"name":"wp","href":"https:\/\/api.w.org\/{rel}","templated":true}]}}