{"id":123,"date":"2022-11-25T14:41:01","date_gmt":"2022-11-25T11:41:01","guid":{"rendered":"https:\/\/www.dehaderi.com\/web\/?page_id=123"},"modified":"2022-12-16T23:04:38","modified_gmt":"2022-12-16T20:04:38","slug":"suni-derinin-avantajlari","status":"publish","type":"page","link":"https:\/\/www.dehaderi.com\/web\/faydali-bilgiler\/suni-derinin-avantajlari\/","title":{"rendered":"Suni Derinin Avantajlar\u0131"},"content":{"rendered":"<figure class=\"wp-block-post-featured-image\"><img loading=\"lazy\" decoding=\"async\" width=\"1920\" height=\"400\" src=\"https:\/\/www.dehaderi.com\/web\/wp-content\/uploads\/2022\/12\/ic-bn-trans.png\" class=\"attachment-post-thumbnail size-post-thumbnail wp-post-image\" alt=\"\" style=\"object-fit:cover;\" srcset=\"https:\/\/www.dehaderi.com\/web\/wp-content\/uploads\/2022\/12\/ic-bn-trans.png 1920w, https:\/\/www.dehaderi.com\/web\/wp-content\/uploads\/2022\/12\/ic-bn-trans-300x63.png 300w, https:\/\/www.dehaderi.com\/web\/wp-content\/uploads\/2022\/12\/ic-bn-trans-1024x213.png 1024w, https:\/\/www.dehaderi.com\/web\/wp-content\/uploads\/2022\/12\/ic-bn-trans-768x160.png 768w, https:\/\/www.dehaderi.com\/web\/wp-content\/uploads\/2022\/12\/ic-bn-trans-1536x320.png 1536w, https:\/\/www.dehaderi.com\/web\/wp-content\/uploads\/2022\/12\/ic-bn-trans-18x4.png 18w\" sizes=\"auto, (max-width: 1920px) 100vw, 1920px\" \/><\/figure>\n\n\n<p><br>Suni deri g\u00fcn\u00fcm\u00fczde bir \u00e7ok tekstil \u00fcr\u00fcn \u00fczerinde ger\u00e7ek deri yerine kullan\u0131lmaktad\u0131r.<\/p>\n\n\n\n<!--more-->\n\n\n\n<p>Suni deri, sentetik ya da yapay olarak da adland\u0131r\u0131lan bir deri t\u00fcr\u00fcd\u00fcr. Bu isimler \u00e7o\u011funlukla sentetik deriden \u00e7\u0131kan spesifik son \u00fcr\u00fcnler i\u00e7in kullan\u0131lmaktad\u0131r. \u00d6rne\u011fin; suni deri (koltuk, sandalye ve ba\u015fl\u0131k tahtac\u0131l\u0131\u011f\u0131 d\u00f6\u015femecili\u011fi, pantazot (araba d\u00f6\u015femecili\u011fi, giyim ku\u015fam) ve t\u00fcketim maddeleri. Suni derinin yap\u0131m\u0131nda ise iki farkl\u0131 temel y\u00f6ntem bulunmaktad\u0131r:<\/p>\n\n\n\n<ul class=\"wp-block-list\">\n<li>Polyvinyl chloride (PVC \u2013 Vinil)<\/li>\n\n\n\n<li>Polyurethane (PU)<\/li>\n<\/ul>\n\n\n\n<p><\/p>\n\n\n\n<p>Vinil sentetik deri, 1940\u2019larda Amerika Birle\u015fik Devletleri\u2019nde \u00f6ncelikle ayakkab\u0131, otomotiv i\u00e7 k\u0131s\u0131mlar\u0131 ve d\u00f6\u015feme \u00fcretiminde kullan\u0131lmaya ba\u015fland\u0131. 1950\u2019lerin sonlar\u0131na do\u011fru DuPont ve di\u011fer kimyasal \u015firketleri, giderek polyurethane \u00fcretimine ge\u00e7tiler.<\/p>\n\n\n\n<p>Polyurethane ve vinil deriler; giyim e\u015fyas\u0131, d\u00f6\u015feme, \u00fcr\u00fcn kaplamada kullan\u0131lsa da belirli \u00fcr\u00fcnler i\u00e7in biri di\u011ferinden daha iyi sonu\u00e7lar vermektedir. PU, dokusu itibariyle daha yumu\u015fak, daha esnek ve nefes alan bir yap\u0131da oldu\u011fundan yayg\u0131n bir \u015fekilde y\u00fcksek kaliteli tekstil \u00fcr\u00fcnlerinde -\u00f6rne\u011fin k\u0131yafetler ve d\u00f6\u015femelerde (deriyle direkt temasa ge\u00e7en y\u00fczeyler)- kullan\u0131ma daha uygundur. Vinil, PU kadar nefes alan bir yap\u0131da olmasa da nemi reddeden yap\u0131s\u0131yla kitap ciltleri ya da elektronik cihaz k\u0131l\u0131flar\u0131 \u00fcretiminde ideal olarak kullan\u0131lmaktad\u0131r.<\/p>\n\n\n\n<h4 class=\"wp-block-heading\">Vinil D\u00f6\u015feme<\/h4>\n\n\n\n<p>Vinil d\u00f6\u015feme, iki farkl\u0131 sentetik materyalden olu\u015fmaktad\u0131r. D\u00f6\u015femenin dokusu g\u00fc\u00e7l\u00fc polyesterle yap\u0131land\u0131r\u0131lm\u0131\u015ft\u0131r. Bu doku sonras\u0131nda polyvinyl klorid (PVC) ve plastikle\u015ftiriciden olu\u015fan vinil ile kaplan\u0131r. Vinil, eritilerek dokunun \u00fczerine n\u00fcfuz ettirilir ve y\u00fczey m\u00fch\u00fcrlenir. Adeta su ge\u00e7irmez olan ve esnek, g\u00fc\u00e7l\u00fc bir yap\u0131 ortaya \u00e7\u0131kar. Vinil d\u00f6\u015femenin bak\u0131m\u0131 ve temizli\u011fi olduk\u00e7a kolayd\u0131r. Bu da vinili, temizli\u011fin \u00e7ok \u00f6nemli oldu\u011fu yerler olan hastane ve restoran gibi kurumlar i\u00e7in ideal bir se\u00e7enek haline getirir. Vinilin ayr\u0131ca \u00f6zel bir bak\u0131m\u0131 yoktur ve kendini pek ko\u015fulland\u0131ran bir yap\u0131da de\u011fildir. Yine de vinil g\u00fcne\u015fe maruz kald\u0131\u011f\u0131nda ger\u00e7ekten rahats\u0131zl\u0131k verici bir \u0131s\u0131ya ula\u015fabilir. Ayr\u0131ca a\u015f\u0131r\u0131 kullan\u0131mda, y\u00fczeyinde \u00e7atlaklar da olu\u015fabilir.<\/p>\n\n\n\n<h4 class=\"wp-block-heading\">Polyurethane D\u00f6\u015feme<\/h4>\n\n\n\n<p>PU; esnek polymer\u2019in, onu destekleyecek olan pamuk, polyester ya da dilimlenmi\u015f deriden olu\u015fan bir doku ile kaplanmas\u0131yla olu\u015fur ve g\u00f6r\u00fcn\u00fc\u015f\u00fcne hayvan postu hissi kazand\u0131r\u0131l\u0131r. Polyurethane d\u00f6\u015feme, hem y\u00fczeyinin yaratt\u0131\u011f\u0131 his hem de bir u\u00e7tan uca g\u00f6r\u00fcn\u00fcm\u00fcyle ger\u00e7ek deriye en yak\u0131n ve ger\u00e7ek\u00e7i imitasyondur, Topland\u0131\u011f\u0131nda, katland\u0131\u011f\u0131nda ve k\u00fcmelendi\u011finde ger\u00e7ek deri gibi \u201ck\u0131r\u0131l\u0131r\u201d ya da k\u0131r\u0131\u015f\u0131klar\u0131n\u0131 g\u00f6sterir. Yap\u0131m\u0131nda plastikle\u015ftirici kullan\u0131lmad\u0131\u011f\u0131 i\u00e7in PU d\u00f6\u015feme \u00fczerinde k\u0131r\u0131lma ya da soyulup d\u00f6k\u00fclme olmaz. Mobilyalar\u0131n\u0131z\u0131n \u00fczerinde her zaman yumu\u015fak durur ve esnekli\u011fini zamana kar\u015f\u0131 korur. Ayr\u0131ca \u00fczerinde tasar\u0131mlar sergilemek de vinile g\u00f6re daha kolayd\u0131r. Polyurethane, \u00fcretiminde diyoksin yaratmad\u0131\u011f\u0131 i\u00e7in vinile k\u0131yasla daha \u00e7evreci bir \u00fcr\u00fcnd\u00fcr. PU, re\u00e7inesi yumu\u015fak polymerden \u00fcretildi\u011fi i\u00e7in ilave olarak plastikle\u015ftiriciye ihtiya\u00e7 duymaz. Polyurerthane ger\u00e7ek deriden daha d\u00fc\u015f\u00fck fiyatlara sahip olsa da \u00fcretimi vinile k\u0131yasla olduk\u00e7a pahal\u0131d\u0131r.<\/p>\n","protected":false},"excerpt":{"rendered":"<p>Suni deri g\u00fcn\u00fcm\u00fczde bir \u00e7ok tekstil \u00fcr\u00fcn \u00fczerinde ger\u00e7ek deri yerine kullan\u0131lmaktad\u0131r.<\/p>\n","protected":false},"author":1,"featured_media":755,"parent":126,"menu_order":4,"comment_status":"closed","ping_status":"closed","template":"","meta":{"site-sidebar-layout":"default","site-content-layout":"","ast-site-content-layout":"","site-content-style":"default","site-sidebar-style":"default","ast-global-header-display":"","ast-banner-title-visibility":"","ast-main-header-display":"","ast-hfb-above-header-display":"","ast-hfb-below-header-display":"","ast-hfb-mobile-header-display":"","site-post-title":"","ast-breadcrumbs-content":"","ast-featured-img":"disabled","footer-sml-layout":"","theme-transparent-header-meta":"","adv-header-id-meta":"","stick-header-meta":"","header-above-stick-meta":"","header-main-stick-meta":"","header-below-stick-meta":"","astra-migrate-meta-layouts":"default","ast-page-background-enabled":"default","ast-page-background-meta":{"desktop":{"background-color":"var(--ast-global-color-4)","background-image":"","background-repeat":"repeat","background-position":"center center","background-size":"auto","background-attachment":"scroll","background-type":"","background-media":"","overlay-type":"","overlay-color":"","overlay-gradient":""},"tablet":{"background-color":"","background-image":"","background-repeat":"repeat","background-position":"center center","background-size":"auto","background-attachment":"scroll","background-type":"","background-media":"","overlay-type":"","overlay-color":"","overlay-gradient":""},"mobile":{"background-color":"","background-image":"","background-repeat":"repeat","background-position":"center center","background-size":"auto","background-attachment":"scroll","background-type":"","background-media":"","overlay-type":"","overlay-color":"","overlay-gradient":""}},"ast-content-background-meta":{"desktop":{"background-color":"var(--ast-global-color-5)","background-image":"","background-repeat":"repeat","background-position":"center center","background-size":"auto","background-attachment":"scroll","background-type":"","background-media":"","overlay-type":"","overlay-color":"","overlay-gradient":""},"tablet":{"background-color":"var(--ast-global-color-5)","background-image":"","background-repeat":"repeat","background-position":"center center","background-size":"auto","background-attachment":"scroll","background-type":"","background-media":"","overlay-type":"","overlay-color":"","overlay-gradient":""},"mobile":{"background-color":"var(--ast-global-color-5)","background-image":"","background-repeat":"repeat","background-position":"center center","background-size":"auto","background-attachment":"scroll","background-type":"","background-media":"","overlay-type":"","overlay-color":"","overlay-gradient":""}},"footnotes":""},"class_list":["post-123","page","type-page","status-publish","has-post-thumbnail","hentry"],"_links":{"self":[{"href":"https:\/\/www.dehaderi.com\/web\/wp-json\/wp\/v2\/pages\/123","targetHints":{"allow":["GET"]}}],"collection":[{"href":"https:\/\/www.dehaderi.com\/web\/wp-json\/wp\/v2\/pages"}],"about":[{"href":"https:\/\/www.dehaderi.com\/web\/wp-json\/wp\/v2\/types\/page"}],"author":[{"embeddable":true,"href":"https:\/\/www.dehaderi.com\/web\/wp-json\/wp\/v2\/users\/1"}],"replies":[{"embeddable":true,"href":"https:\/\/www.dehaderi.com\/web\/wp-json\/wp\/v2\/comments?post=123"}],"version-history":[{"count":8,"href":"https:\/\/www.dehaderi.com\/web\/wp-json\/wp\/v2\/pages\/123\/revisions"}],"predecessor-version":[{"id":948,"href":"https:\/\/www.dehaderi.com\/web\/wp-json\/wp\/v2\/pages\/123\/revisions\/948"}],"up":[{"embeddable":true,"href":"https:\/\/www.dehaderi.com\/web\/wp-json\/wp\/v2\/pages\/126"}],"wp:featuredmedia":[{"embeddable":true,"href":"https:\/\/www.dehaderi.com\/web\/wp-json\/wp\/v2\/media\/755"}],"wp:attachment":[{"href":"https:\/\/www.dehaderi.com\/web\/wp-json\/wp\/v2\/media?parent=123"}],"curies":[{"name":"wp","href":"https:\/\/api.w.org\/{rel}","templated":true}]}}